{"id":2065,"date":"2025-03-19T13:29:38","date_gmt":"2025-03-19T11:29:38","guid":{"rendered":"https:\/\/www.armengolfreixes.com\/?page_id=2065"},"modified":"2025-09-25T17:41:10","modified_gmt":"2025-09-25T15:41:10","slug":"criminal-lawyer-barcelona","status":"publish","type":"page","link":"https:\/\/www.armengolfreixes.com\/en\/criminal-lawyer-barcelona\/","title":{"rendered":"Berta Armengol Freixes"},"content":{"rendered":"[vc_row full_width=&#8221;stretch_row&#8221; column_spacing=&#8221;0px&#8221; css=&#8221;.vc_custom_1741716530396{margin-bottom: 0px !important;padding-bottom: 80px !important;}&#8221;][vc_column][vc_row_inner rtl_reverse=&#8221;yes&#8221; remove_bottom_col_margin=&#8221;true&#8221; columns_right=&#8221;yes&#8221; css=&#8221;.vc_custom_1562226874239{padding-top: 0px !important;padding-right: 0px !important;padding-bottom: 0px !important;padding-left: 0px !important;}&#8221;][vc_column_inner width=&#8221;2\/3&#8243;]<h2 class=\"vcex-module vcex-heading wpex-text-2xl wpex-font-normal wpex-m-auto wpex-max-w-100 vcex-heading-plain wpex-block wpex-text-left vc_custom_1741717323825\" data-wpex-rcss='{&quot;font-size&quot;:{&quot;d&quot;:&quot;24px&quot;,&quot;tl&quot;:&quot;24px&quot;,&quot;tp&quot;:&quot;24px&quot;,&quot;pl&quot;:&quot;24px&quot;,&quot;pp&quot;:&quot;24px&quot;}}' style=\"color:#003915;font-family:Playfair Display;font-weight:400;\"><span class=\"vcex-heading-inner wpex-inline-block wpex-clr\">Berta Armengol Freixes \u00b7 CV<\/span><\/h2><h3 class=\"vcex-module vcex-heading wpex-text-2xl wpex-font-normal wpex-m-auto wpex-max-w-100 vcex-heading-plain wpex-block wpex-text-left vc_custom_1742314336987\" data-wpex-rcss='{&quot;font-size&quot;:{&quot;d&quot;:&quot;18px&quot;,&quot;tl&quot;:&quot;18px&quot;,&quot;tp&quot;:&quot;18px&quot;,&quot;pl&quot;:&quot;16px&quot;,&quot;pp&quot;:&quot;16px&quot;}}' style=\"color:#003915;font-family:Playfair Display;font-weight:400;\"><span class=\"vcex-heading-inner wpex-inline-block wpex-clr\">Criminal Lawyer \u00b7 Founding Partner | Barcelona, 1990<\/span><\/h3><div class=\"vcex-module vcex-bullets custom-icon cv\">\n<ul>\n<li><div class=\"vcex-bullets-ci-wrap wpex-inline-flex\"><span class=\"vcex-icon-wrap wpex-mr-10\"><span class=\"vcex-icon entypo-icon entypo-icon-check\" style=\"color:#003915\" aria-hidden=\"true\"><\/span><\/span><div class=\"vcex-content wpex-flex-grow\">Associated professor of the Criminal Law and Criminology Department of Universitat de Barcelona, since 2016.<\/div><\/div><\/li>\n<li><div class=\"vcex-bullets-ci-wrap wpex-inline-flex\"><span class=\"vcex-icon-wrap wpex-mr-10\"><span class=\"vcex-icon entypo-icon entypo-icon-check\" style=\"color:#003915\" aria-hidden=\"true\"><\/span><\/span><div class=\"vcex-content wpex-flex-grow\">Member of the Criminal Law Section of the Barcelona Bar Association since 2023.<\/div><\/div><\/li>\n<li><div class=\"vcex-bullets-ci-wrap wpex-inline-flex\"><span class=\"vcex-icon-wrap wpex-mr-10\"><span class=\"vcex-icon entypo-icon entypo-icon-check\" style=\"color:#003915\" aria-hidden=\"true\"><\/span><\/span><div class=\"vcex-content wpex-flex-grow\">Law graduated from Universitat Pompeu Fabra (2008-2012).<\/div><\/div><\/li>\n<li><div class=\"vcex-bullets-ci-wrap wpex-inline-flex\"><span class=\"vcex-icon-wrap wpex-mr-10\"><span class=\"vcex-icon entypo-icon entypo-icon-check\" style=\"color:#003915\" aria-hidden=\"true\"><\/span><\/span><div class=\"vcex-content wpex-flex-grow\">Master in Criminal Law and Criminal Sciences from Universitat Pompeu Fabra and Universitat de Barcelona (2013-2014).<\/div><\/div><\/li>\n<li><div class=\"vcex-bullets-ci-wrap wpex-inline-flex\"><span class=\"vcex-icon-wrap wpex-mr-10\"><span class=\"vcex-icon entypo-icon entypo-icon-check\" style=\"color:#003915\" aria-hidden=\"true\"><\/span><\/span><div class=\"vcex-content wpex-flex-grow\">Master in Advanced Legal Studies from Universitat de Barcelona, thesis \u201cThe right of the informational self-determination and new techniques of investigation: affair siege of the Parliament\u201d (2014-2016).<\/div><\/div><\/li>\n<li><div class=\"vcex-bullets-ci-wrap wpex-inline-flex\"><span class=\"vcex-icon-wrap wpex-mr-10\"><span class=\"vcex-icon entypo-icon entypo-icon-check\" style=\"color:#003915\" aria-hidden=\"true\"><\/span><\/span><div class=\"vcex-content wpex-flex-grow\">Course on recent questions of Criminal Law from Universidad de Buenos Aires (July 2014).<\/div><\/div><\/li>\n<li><div class=\"vcex-bullets-ci-wrap wpex-inline-flex\"><span class=\"vcex-icon-wrap wpex-mr-10\"><span class=\"vcex-icon entypo-icon entypo-icon-check\" style=\"color:#003915\" aria-hidden=\"true\"><\/span><\/span><div class=\"vcex-content wpex-flex-grow\">Specialisation courses from the Bar Association of Barcelona on procedural law on tax fraud cases, penitentiary law, domestic violence, cassation appeal and appeal action, the European Court of Human Rights, civil responsibility on the criminal procedure and case law on the right of communications secrecy (2012-2019).<\/div><\/div><\/li>\n<li><div class=\"vcex-bullets-ci-wrap wpex-inline-flex\"><span class=\"vcex-icon-wrap wpex-mr-10\"><span class=\"vcex-icon entypo-icon entypo-icon-check\" style=\"color:#003915\" aria-hidden=\"true\"><\/span><\/span><div class=\"vcex-content wpex-flex-grow\">First price\u00a0<em>ex aequo\u00a0<\/em>of the Premi Memorial Pedro Mart\u00edn Garc\u00eda, January 2018, \u201cEl art\u00edculo 324 LECrim, tras la Ley 41\/2015 de 5 de octubre: confrontaci\u00f3n con los derechos y principios b\u00e1sicos del proceso penal\u201d.<\/div><\/div><\/li>\n<li><div class=\"vcex-bullets-ci-wrap wpex-inline-flex\"><span class=\"vcex-icon-wrap wpex-mr-10\"><span class=\"vcex-icon entypo-icon entypo-icon-check\" style=\"color:#003915\" aria-hidden=\"true\"><\/span><\/span><div class=\"vcex-content wpex-flex-grow\">Publication in Revista Jur\u00eddica de Catalunya, Doctrina n\u00famero 4-2018, \u201cUna visi\u00f3 cr\u00edtica dels terminis de la instrucci\u00f3 penal a la vista dels drets i principis b\u00e0sics del proc\u00e9s penal\u201d.<\/div><\/div><\/li>\n<li><div class=\"vcex-bullets-ci-wrap wpex-inline-flex\"><span class=\"vcex-icon-wrap wpex-mr-10\"><span class=\"vcex-icon entypo-icon entypo-icon-check\" style=\"color:#003915\" aria-hidden=\"true\"><\/span><\/span><div class=\"vcex-content wpex-flex-grow\">Participation as speaker in II International Seminar of Former Students of the Master in Criminal Law and Criminal Sciences \u201cCriminal procedure and theory on crime\u201d, conference \u201cRevisi\u00f3 del rol de la v\u00edctima en el proc\u00e9s penal espanyol\u201d<em>,\u00a0<\/em>July 2016.<\/div><\/div><\/li>\n<li><div class=\"vcex-bullets-ci-wrap wpex-inline-flex\"><span class=\"vcex-icon-wrap wpex-mr-10\"><span class=\"vcex-icon entypo-icon entypo-icon-check\" style=\"color:#003915\" aria-hidden=\"true\"><\/span><\/span><div class=\"vcex-content wpex-flex-grow\">Speaker at formative sessions of the Barcelona Bar Association.<\/div><\/div><\/li>\n<\/ul>\n<\/div>[\/vc_column_inner][vc_column_inner width=&#8221;1\/3&#8243; css=&#8221;.vc_custom_1562226818048{margin-bottom: 40px !important;border-top-width: 1px !important;border-right-width: 1px !important;border-bottom-width: 1px !important;border-left-width: 1px !important;padding-top: 5px !important;padding-right: 5px !important;padding-bottom: 5px !important;padding-left: 5px !important;background-color: #ffffff !important;border-left-color: #ededed !important;border-left-style: solid !important;border-right-color: #ededed !important;border-right-style: solid !important;border-top-color: #ededed !important;border-top-style: solid !important;border-bottom-color: #ededed !important;border-bottom-style: solid !important;}&#8221;]<figure class=\"vcex-image vcex-module wpex-clr textcenter\"><div class=\"vcex-image-inner wpex-inline-block wpex-relative\"><img loading=\"lazy\" class=\"wpex-align-middle\" alt=\"Advocada Penalista De Barcelona Berta Armengol Freixes\" src=\"https:\/\/www.armengolfreixes.com\/wp-content\/uploads\/2025\/03\/Berta-Armengol.jpg\" width=\"767\" height=\"1023\" \/><\/div><\/figure><div class=\"vcex-module wpex-social-btns vcex-social-btns wpex-flex wpex-flex-wrap wpex-last-mr-0\"><a  href=\"https:\/\/www.linkedin.com\/in\/berta-armengol-freixes\/\" class=\"wpex-social-btn wpex-social-btn-black-ch wpex-social-bg-hover wpex-mb-5 wpex-mr-5 wpex-flex-grow wpex-w-auto wpex-h-auto wpex-leading-normal wpex-py-5 wpex-px-15 vc_custom_1758814871826 wpex-linkedin\" target=\"_blank\" style=\"height:40px;line-height:40px;\" rel=\"noopener noreferrer\"><span class=\"ticon ticon-linkedin\" aria-hidden=\"true\"><\/span><span class=\"screen-reader-text\">Linkedin<\/span><\/a><\/div>[\/vc_column_inner][\/vc_row_inner][\/vc_column][\/vc_row]\n","protected":false},"excerpt":{"rendered":"<p>[vc_row full_width=&#8221;stretch_row&#8221; column_spacing=&#8221;0px&#8221; css=&#8221;.vc_custom_1741716530396{margin-bottom: 0px !important;padding-bottom: 80px !important;}&#8221;][vc_column][vc_row_inner rtl_reverse=&#8221;yes&#8221; remove_bottom_col_margin=&#8221;true&#8221; columns_right=&#8221;yes&#8221; css=&#8221;.vc_custom_1562226874239{padding-top: 0px !important;padding-right: 0px !important;padding-bottom: 0px !important;padding-left: 0px !important;}&#8221;][vc_column_inner width=&#8221;2\/3&#8243;][\/vc_column_inner][vc_column_inner width=&#8221;1\/3&#8243; css=&#8221;.vc_custom_1562226818048{margin-bottom: 40px !important;border-top-width: 1px !important;border-right-width: 1px !important;border-bottom-width: 1px !important;border-left-width: 1px !important;padding-top: 5px !important;padding-right: 5px !important;padding-bottom: 5px !important;padding-left: 5px&hellip;<\/p>\n","protected":false},"author":1,"featured_media":1995,"parent":0,"menu_order":0,"comment_status":"closed","ping_status":"closed","template":"","meta":[],"yoast_head":"<!-- This site is optimized with the Yoast SEO plugin v19.14 - https:\/\/yoast.com\/wordpress\/plugins\/seo\/ -->\n<title>Criminal Lawyer in Barcelona | Berta Armengol Freixes<\/title>\n<meta name=\"description\" content=\"Berta Armengol Freixes, criminal lawyer from Barcelona expert in criminal law, founding partner of the firm.\" \/>\n<meta name=\"robots\" content=\"index, follow, max-snippet:-1, max-image-preview:large, max-video-preview:-1\" \/>\n<link rel=\"canonical\" href=\"https:\/\/www.armengolfreixes.com\/en\/criminal-lawyer-barcelona\/\" \/>\n<meta property=\"og:locale\" content=\"en_US\" \/>\n<meta property=\"og:type\" content=\"article\" \/>\n<meta property=\"og:title\" content=\"Criminal Lawyer in Barcelona | Berta Armengol Freixes\" \/>\n<meta property=\"og:description\" content=\"Berta Armengol Freixes, criminal lawyer from Barcelona expert in criminal law, founding partner of the firm.\" \/>\n<meta property=\"og:url\" content=\"https:\/\/www.armengolfreixes.com\/en\/criminal-lawyer-barcelona\/\" \/>\n<meta property=\"og:site_name\" content=\"Berta Armengol Freixes\" \/>\n<meta property=\"article:modified_time\" content=\"2025-09-25T15:41:10+00:00\" \/>\n<meta property=\"og:image\" content=\"https:\/\/www.armengolfreixes.com\/wp-content\/uploads\/2025\/03\/Berta-Armengol.jpg\" \/>\n\t<meta property=\"og:image:width\" content=\"767\" \/>\n\t<meta property=\"og:image:height\" content=\"1023\" \/>\n\t<meta property=\"og:image:type\" content=\"image\/jpeg\" \/>\n<meta name=\"twitter:card\" content=\"summary_large_image\" \/>\n<meta name=\"twitter:label1\" content=\"Est. reading time\" \/>\n\t<meta name=\"twitter:data1\" content=\"3 minutes\" \/>\n<script type=\"application\/ld+json\" class=\"yoast-schema-graph\">{\"@context\":\"https:\/\/schema.org\",\"@graph\":[{\"@type\":\"WebPage\",\"@id\":\"https:\/\/www.armengolfreixes.com\/en\/criminal-lawyer-barcelona\/\",\"url\":\"https:\/\/www.armengolfreixes.com\/en\/criminal-lawyer-barcelona\/\",\"name\":\"Criminal Lawyer in Barcelona | Berta Armengol Freixes\",\"isPartOf\":{\"@id\":\"https:\/\/www.armengolfreixes.com\/en\/#website\"},\"datePublished\":\"2025-03-19T11:29:38+00:00\",\"dateModified\":\"2025-09-25T15:41:10+00:00\",\"description\":\"Berta Armengol Freixes, criminal lawyer from Barcelona expert in criminal law, founding partner of the firm.\",\"breadcrumb\":{\"@id\":\"https:\/\/www.armengolfreixes.com\/en\/criminal-lawyer-barcelona\/#breadcrumb\"},\"inLanguage\":\"en-US\",\"potentialAction\":[{\"@type\":\"ReadAction\",\"target\":[\"https:\/\/www.armengolfreixes.com\/en\/criminal-lawyer-barcelona\/\"]}]},{\"@type\":\"BreadcrumbList\",\"@id\":\"https:\/\/www.armengolfreixes.com\/en\/criminal-lawyer-barcelona\/#breadcrumb\",\"itemListElement\":[{\"@type\":\"ListItem\",\"position\":1,\"name\":\"Inici\",\"item\":\"https:\/\/www.armengolfreixes.com\/en\/\"},{\"@type\":\"ListItem\",\"position\":2,\"name\":\"Berta Armengol Freixes\"}]},{\"@type\":\"WebSite\",\"@id\":\"https:\/\/www.armengolfreixes.com\/en\/#website\",\"url\":\"https:\/\/www.armengolfreixes.com\/en\/\",\"name\":\"Berta Armengol Freixes\",\"description\":\"Criminal lawyer\",\"publisher\":{\"@id\":\"https:\/\/www.armengolfreixes.com\/en\/#organization\"},\"potentialAction\":[{\"@type\":\"SearchAction\",\"target\":{\"@type\":\"EntryPoint\",\"urlTemplate\":\"https:\/\/www.armengolfreixes.com\/en\/?s={search_term_string}\"},\"query-input\":\"required name=search_term_string\"}],\"inLanguage\":\"en-US\"},{\"@type\":\"Organization\",\"@id\":\"https:\/\/www.armengolfreixes.com\/en\/#organization\",\"name\":\"Berta Armengol Freixes - Advocada penalista\",\"url\":\"https:\/\/www.armengolfreixes.com\/en\/\",\"logo\":{\"@type\":\"ImageObject\",\"inLanguage\":\"en-US\",\"@id\":\"https:\/\/www.armengolfreixes.com\/en\/#\/schema\/logo\/image\/\",\"url\":\"https:\/\/www.armengolfreixes.com\/wp-content\/uploads\/2019\/06\/LOGO_AF_color.png\",\"contentUrl\":\"https:\/\/www.armengolfreixes.com\/wp-content\/uploads\/2019\/06\/LOGO_AF_color.png\",\"width\":500,\"height\":521,\"caption\":\"Berta Armengol Freixes - Advocada penalista\"},\"image\":{\"@id\":\"https:\/\/www.armengolfreixes.com\/en\/#\/schema\/logo\/image\/\"},\"sameAs\":[\"https:\/\/www.linkedin.com\/in\/berta-armengol-freixes\"]}]}<\/script>\n<!-- \/ Yoast SEO plugin. -->","yoast_head_json":{"title":"Criminal Lawyer in Barcelona | Berta Armengol Freixes","description":"Berta Armengol Freixes, criminal lawyer from Barcelona expert in criminal law, founding partner of the firm.","robots":{"index":"index","follow":"follow","max-snippet":"max-snippet:-1","max-image-preview":"max-image-preview:large","max-video-preview":"max-video-preview:-1"},"canonical":"https:\/\/www.armengolfreixes.com\/en\/criminal-lawyer-barcelona\/","og_locale":"en_US","og_type":"article","og_title":"Criminal Lawyer in Barcelona | Berta Armengol Freixes","og_description":"Berta Armengol Freixes, criminal lawyer from Barcelona expert in criminal law, founding partner of the firm.","og_url":"https:\/\/www.armengolfreixes.com\/en\/criminal-lawyer-barcelona\/","og_site_name":"Berta Armengol Freixes","article_modified_time":"2025-09-25T15:41:10+00:00","og_image":[{"width":767,"height":1023,"url":"https:\/\/www.armengolfreixes.com\/wp-content\/uploads\/2025\/03\/Berta-Armengol.jpg","type":"image\/jpeg"}],"twitter_card":"summary_large_image","twitter_misc":{"Est. reading time":"3 minutes"},"schema":{"@context":"https:\/\/schema.org","@graph":[{"@type":"WebPage","@id":"https:\/\/www.armengolfreixes.com\/en\/criminal-lawyer-barcelona\/","url":"https:\/\/www.armengolfreixes.com\/en\/criminal-lawyer-barcelona\/","name":"Criminal Lawyer in Barcelona | Berta Armengol Freixes","isPartOf":{"@id":"https:\/\/www.armengolfreixes.com\/en\/#website"},"datePublished":"2025-03-19T11:29:38+00:00","dateModified":"2025-09-25T15:41:10+00:00","description":"Berta Armengol Freixes, criminal lawyer from Barcelona expert in criminal law, founding partner of the firm.","breadcrumb":{"@id":"https:\/\/www.armengolfreixes.com\/en\/criminal-lawyer-barcelona\/#breadcrumb"},"inLanguage":"en-US","potentialAction":[{"@type":"ReadAction","target":["https:\/\/www.armengolfreixes.com\/en\/criminal-lawyer-barcelona\/"]}]},{"@type":"BreadcrumbList","@id":"https:\/\/www.armengolfreixes.com\/en\/criminal-lawyer-barcelona\/#breadcrumb","itemListElement":[{"@type":"ListItem","position":1,"name":"Inici","item":"https:\/\/www.armengolfreixes.com\/en\/"},{"@type":"ListItem","position":2,"name":"Berta Armengol Freixes"}]},{"@type":"WebSite","@id":"https:\/\/www.armengolfreixes.com\/en\/#website","url":"https:\/\/www.armengolfreixes.com\/en\/","name":"Berta Armengol Freixes","description":"Criminal lawyer","publisher":{"@id":"https:\/\/www.armengolfreixes.com\/en\/#organization"},"potentialAction":[{"@type":"SearchAction","target":{"@type":"EntryPoint","urlTemplate":"https:\/\/www.armengolfreixes.com\/en\/?s={search_term_string}"},"query-input":"required name=search_term_string"}],"inLanguage":"en-US"},{"@type":"Organization","@id":"https:\/\/www.armengolfreixes.com\/en\/#organization","name":"Berta Armengol Freixes - Advocada penalista","url":"https:\/\/www.armengolfreixes.com\/en\/","logo":{"@type":"ImageObject","inLanguage":"en-US","@id":"https:\/\/www.armengolfreixes.com\/en\/#\/schema\/logo\/image\/","url":"https:\/\/www.armengolfreixes.com\/wp-content\/uploads\/2019\/06\/LOGO_AF_color.png","contentUrl":"https:\/\/www.armengolfreixes.com\/wp-content\/uploads\/2019\/06\/LOGO_AF_color.png","width":500,"height":521,"caption":"Berta Armengol Freixes - Advocada penalista"},"image":{"@id":"https:\/\/www.armengolfreixes.com\/en\/#\/schema\/logo\/image\/"},"sameAs":["https:\/\/www.linkedin.com\/in\/berta-armengol-freixes"]}]}},"_links":{"self":[{"href":"https:\/\/www.armengolfreixes.com\/en\/wp-json\/wp\/v2\/pages\/2065"}],"collection":[{"href":"https:\/\/www.armengolfreixes.com\/en\/wp-json\/wp\/v2\/pages"}],"about":[{"href":"https:\/\/www.armengolfreixes.com\/en\/wp-json\/wp\/v2\/types\/page"}],"author":[{"embeddable":true,"href":"https:\/\/www.armengolfreixes.com\/en\/wp-json\/wp\/v2\/users\/1"}],"replies":[{"embeddable":true,"href":"https:\/\/www.armengolfreixes.com\/en\/wp-json\/wp\/v2\/comments?post=2065"}],"version-history":[{"count":4,"href":"https:\/\/www.armengolfreixes.com\/en\/wp-json\/wp\/v2\/pages\/2065\/revisions"}],"predecessor-version":[{"id":2130,"href":"https:\/\/www.armengolfreixes.com\/en\/wp-json\/wp\/v2\/pages\/2065\/revisions\/2130"}],"wp:featuredmedia":[{"embeddable":true,"href":"https:\/\/www.armengolfreixes.com\/en\/wp-json\/wp\/v2\/media\/1995"}],"wp:attachment":[{"href":"https:\/\/www.armengolfreixes.com\/en\/wp-json\/wp\/v2\/media?parent=2065"}],"curies":[{"name":"wp","href":"https:\/\/api.w.org\/{rel}","templated":true}]}}