{"id":1128,"date":"2019-06-03T16:04:14","date_gmt":"2019-06-03T14:04:14","guid":{"rendered":"http:\/\/www.armengolfreixes.com\/avis-legal\/"},"modified":"2022-05-16T14:07:25","modified_gmt":"2022-05-16T12:07:25","slug":"aviso-legal","status":"publish","type":"page","link":"https:\/\/www.armengolfreixes.com\/es\/aviso-legal\/","title":{"rendered":"Aviso legal"},"content":{"rendered":"[vc_row][vc_column][vc_column_text]<strong>Denominaci\u00f3n social:<\/strong> Berta Armengol Freixes<br \/>\n<strong>Domicilio social:<\/strong> Calle Balmes 129bis, 3r 2a, 08008 de Barcelona<br \/>\n<strong>NIF:<\/strong> 46149775E<br \/>\n<strong>Tel\u00e9fono de contacto:<\/strong> 618 91 98 34<br \/>\n<strong>Correo electr\u00f3nico:<\/strong> <a href=\"mailto:administracio@armengolfreixes.com\">administracio@armengolfreixes.com<\/a><\/p>\n<p>El prestador, desde ahora ARMENGOL FREIXES, es el responsable del sitio web y pone a disposici\u00f3n de los usuarios este documento con el cual pretende cumplir las obligaciones dispuestas en la Ley de Servicios de la Sociedad de la Informaci\u00f3n y del Comercio Electr\u00f3nico (LSSI-CE), as\u00ed como informar a todos los usuarios respecto de cu\u00e1les son las condiciones de uso de esta web.[\/vc_column_text][\/vc_column][\/vc_row][vc_row][vc_column]<h2 class=\"vcex-module vcex-heading wpex-text-2xl wpex-font-normal wpex-m-auto wpex-max-w-100 vcex-heading-plain wpex-block wpex-text-left vc_custom_1562227507207\" data-wpex-rcss='{&quot;font-size&quot;:{&quot;d&quot;:&quot;24px&quot;,&quot;tl&quot;:&quot;24px&quot;,&quot;tp&quot;:&quot;24px&quot;,&quot;pl&quot;:&quot;22px&quot;,&quot;pp&quot;:&quot;22px&quot;}}' style=\"color:#333333;font-family:Playfair Display;font-weight:400;\"><span class=\"vcex-heading-inner wpex-inline-block wpex-clr\">Contenido y uso<\/span><\/h2>[vc_column_text]ARMENGOL FREIXES se reserva el derecho de modificar cualquier tipo de informaci\u00f3n que pudiera aparecer en el sitio web, sin que exista obligaci\u00f3n de ponerlo en conocimiento de los usuarios. Ser\u00e1 suficiente la publicaci\u00f3n de la nueva informaci\u00f3n en la web.<\/p>\n<p>El sitio web puede utilizar cookies para llevar a cabo determinadas funciones que son consideradas imprescindibles para el correcto funcionamiento y visualizaci\u00f3n del sitio. Para m\u00e1s informaci\u00f3n, consulten nuestra pol\u00edtica de cookies.[\/vc_column_text][\/vc_column][\/vc_row][vc_row][vc_column]<h2 class=\"vcex-module vcex-heading wpex-text-2xl wpex-font-normal wpex-m-auto wpex-max-w-100 vcex-heading-plain wpex-block wpex-text-left vc_custom_1562227515093\" data-wpex-rcss='{&quot;font-size&quot;:{&quot;d&quot;:&quot;24px&quot;,&quot;tl&quot;:&quot;24px&quot;,&quot;tp&quot;:&quot;24px&quot;,&quot;pl&quot;:&quot;22px&quot;,&quot;pp&quot;:&quot;22px&quot;}}' style=\"color:#333333;font-family:Playfair Display;font-weight:400;\"><span class=\"vcex-heading-inner wpex-inline-block wpex-clr\">Responsabilidad<\/span><\/h2>[vc_column_text]ARMENGOL FREIXES se exime de cualquier tipo de responsabilidad derivada de la informaci\u00f3n publicada en la web, siempre que esta informaci\u00f3n haya sido manipulada o introducida por un tercero ajeno a la web.<\/p>\n<p>Para el caso de que en la web se hagan constar enlaces o hiperv\u00ednculos a otros sitios web, ARMENGOL FREIXES no ejercer\u00e1 ning\u00fan control respecto de estas otras webs, ni de sus contenidos. ARMENGOL FREIXES no asumir\u00e1 ninguna responsabilidad por estos otros contenidos, ni garantizar\u00e1 la disponibilidad t\u00e9cnica, calidad, fiabilidad, exactitud, amplitud, veracidad, validez y constitucionalidad de cualquier material o informaci\u00f3n contenida en estos otras webs. La inclusi\u00f3n de estas conexiones externas no implicar\u00e1 ning\u00fan tipo de asociaci\u00f3n, fusi\u00f3n o participaci\u00f3n con estas otras entidades conectadas.<\/p>\n<p>Conforme lo que prev\u00e9n los art\u00edculos 11 y 16 de la LSSI-CE, ARMENGOL FREIXES ruega que si el usuario detecta que en estas otras webs hay contenido il\u00edcito o inmoral, lo haga saber de inmediato al administrador del sitio web, con el fin de que colabore de forma activa a su retirada o bloqueo.<\/p>\n<p>Este sitio web ha sido revisado y testado para que funcione correctamente. Puede garantizarse el correcto funcionamiento los 365 d\u00edas del a\u00f1o, 24 horas al d\u00eda. No obstante, ARMENGOL FREIXES no se hace responsable de causas de fuerza mayor, cat\u00e1strofes naturales o circunstancias similares que hagan imposible el acceso a la p\u00e1gina web.[\/vc_column_text][\/vc_column][\/vc_row][vc_row][vc_column]<h2 class=\"vcex-module vcex-heading wpex-text-2xl wpex-font-normal wpex-m-auto wpex-max-w-100 vcex-heading-plain wpex-block wpex-text-left vc_custom_1562227524013\" data-wpex-rcss='{&quot;font-size&quot;:{&quot;d&quot;:&quot;24px&quot;,&quot;tl&quot;:&quot;24px&quot;,&quot;tp&quot;:&quot;24px&quot;,&quot;pl&quot;:&quot;22px&quot;,&quot;pp&quot;:&quot;22px&quot;}}' style=\"color:#333333;font-family:Playfair Display;font-weight:400;\"><span class=\"vcex-heading-inner wpex-inline-block wpex-clr\">Propiedad intelectual e industrial<\/span><\/h2>[vc_column_text]Los derechos de propiedad intelectual y de contenido de la p\u00e1gina web, su dise\u00f1o gr\u00e1fico y c\u00f3digo fuente son titularidad de ARMENGOL FREIXES. Queda prohibida su reproducci\u00f3n total o parcial, el uso, la distribuci\u00f3n y la comercializaci\u00f3n, transformaci\u00f3n o cualquier otra actividad que se pueda realizar con los contenidos de este sitio web, excepto previo consentimiento por escrito de su titularidad. Cualquier uso no autorizado previamente por parte de ARMENGOL FREIXES ser\u00e1 considerado un incumplimiento grave de los derechos de propiedad intelectual o industrial del autor.<\/p>\n<p>Los dise\u00f1os, logotipos, textos y\/o gr\u00e1ficos ajenos a ARMENGOL FREIXES que pudieran aparecer en nuestra web pertenecen a sus respectivos propietarios, los cuales son los responsables de cualquier controversia que pudiera surgir respecto de \u00e9sos.<\/p>\n<p>ARMENGOL FREIXES autoriza que terceros puedan redirigir directamente los contenidos concretos del sitio web, y en todo caso redirigir a esta web, excepto se haga con la finalidad de difamar, injuriar o proporcionar informaci\u00f3n no veraz de la web o de su titular.[\/vc_column_text][\/vc_column][\/vc_row][vc_row css=\u00bb.vc_custom_1561722046451{margin-top: -40px !important;padding-top: 40px !important;}\u00bb local_scroll_id=\u00bbpolitica-de-privacidad\u00bb][vc_column]<h2 class=\"vcex-module vcex-heading wpex-text-2xl wpex-font-normal wpex-m-auto wpex-max-w-100 vcex-heading-plain wpex-block wpex-text-left vc_custom_1562227533518\" data-wpex-rcss='{&quot;font-size&quot;:{&quot;d&quot;:&quot;24px&quot;,&quot;tl&quot;:&quot;24px&quot;,&quot;tp&quot;:&quot;24px&quot;,&quot;pl&quot;:&quot;22px&quot;,&quot;pp&quot;:&quot;22px&quot;}}' style=\"color:#333333;font-family:Playfair Display;font-weight:400;\"><span class=\"vcex-heading-inner wpex-inline-block wpex-clr\">Pol\u00edtica de privacidad y protecci\u00f3n de datos<\/span><\/h2>[vc_column_text]De acuerdo con lo dispuesto en la Ley Org\u00e1nica 3\/2018 de Protecci\u00f3n de Datos de Car\u00e1cter Personal (LOPD), informamos a todos los usuarios de este sitio web que faciliten o vayan a facilitar sus datos personales, que \u00e9stos ser\u00e1n incorporados en un fichero titularidad de ARMENGOL FREIXES.<br \/>\nLos usuarios de esta web aceptan que sus datos personales sean tratados por parte de ARMENGOL FREIXES con las siguientes finalidades:<\/p>\n<ul>\n<li>Remisi\u00f3n de comunicaciones comerciales publicitarias por correo electr\u00f3nico, SMS, MMS, redes sociales o cualquier otro medio electr\u00f3nico o f\u00edsicos, presente o futuro, que posibilite realizar comunicaciones comerciales. Estas comunicaciones comerciales estar\u00e1n relacionadas con los servicios y los productos ofrecidos por ARMENGOL FREIXES, o por terceros colaboradores. Estos terceros colaboradores en ning\u00fan caso tendr\u00e1n acceso a los datos personales de los usuarios, salvo consentimiento previo por su parte.<\/li>\n<li>Realizar estudios estad\u00edsticos.<\/li>\n<li>Tramitar encargos o peticiones formuladas por los usuarios a trav\u00e9s de cualquiera de las formas de contacto que se ponen a disposici\u00f3n del usuario en este sitio web.<\/li>\n<li>Enviar el bolet\u00edn de notificas de la p\u00e1gina web.<\/li>\n<\/ul>\n<p>ARMENGOL FREIXES informa y garantiza expresamente a los usuarios que sus datos personales no ser\u00e1n cedidos en ning\u00fan caso a terceras compa\u00f1\u00edas y que siempre que se tuvieran que ceder, se pedir\u00eda previamente el consentimiento expreso e informado de los usuarios.<\/p>\n<p>ARMENGOL FREIXES garantiza al usuario el ejercicio de sus derechos de acceso, rectificaci\u00f3n, cancelaci\u00f3n, informaci\u00f3n y oposici\u00f3n en los t\u00e9rminos previstos por la legislaci\u00f3n vigente. Es por ello que, de conformidad con lo dispuesto por la Ley Org\u00e1nica 3\/2018 de Protecci\u00f3n de Datos de Car\u00e1cter Personal (LOPD), el usuario podr\u00e1 ejercer sus derechos enviando una solicitud expresa al correo electr\u00f3nico <a href=\"mailto:adminsitracio@armengolfreixes.com\">adminsitracio@armengolfreixes.com<\/a>, juntamente con una copia de su DNI.<\/p>\n<p>ARMENGOL FREIXES ha adoptado todas las medidas t\u00e9cnicas y de organizaci\u00f3n necesarias para garantizar la seguridad e integridad de los datos de car\u00e1cter personas que trate, as\u00ed como para evitar su p\u00e9rdida, alteraci\u00f3n y\/o acceso por parte de terceros no autorizados. ARMENGOL FREIXES no se hace responsable de posibles da\u00f1os o perjuicios que pudieran derivarse de interferencias, omisiones, interrupciones, virus inform\u00e1ticos, aver\u00edas telef\u00f3nicas o desconexiones en el funcionamiento operativo de este sistema electr\u00f3nico, as\u00ed como de da\u00f1os que puedan ser causados por terceras personas mediante intromisiones ileg\u00edtimas fuera del control de ARMENGOL FREIXES. A pesar de las precauciones tomadas por ARMENGOL FREIXES, el usuario tiene que ser consciente que las medidas de seguridad a Internet no son inexpugnables.<\/p>\n<p>De acuerdo con lo que dispone la Ley Org\u00e1nica 3\/2018 de Protecci\u00f3n de Datos de Car\u00e1cter Personal (LOPD), informamos a todos los usuarios de este sitio web que faciliten o tengan que facilitar sus datos personales que \u00e9stos ser\u00e1n incorporados en un fichero titularidad de ARMENGOL FREIXES.<\/p>\n<p>El usuario es el \u00fanico responsable de la veracidad y correcci\u00f3n de los datos incluidos en el formulario, exonerando ARMENGOL FREIXES de cualquier responsabilidad relativa a estos aspectos. Los usuarios garantizan y responden en cualquier caso de la exactitud, vigencia y autenticidad de los datos personales facilitados y se comprometen a mantenerlos debidamente actualizados.<\/p>\n<p>ARMENGOL FREIXES no vende, ni alquila, ni presta, ni facilita los datos de este fichero a terceros, con la excepci\u00f3n de cuando se faciliten a empresas como Google, Yahoo!, Google Places, Facebook, Twitter y otros agregadores, siempre que sea indispensable para realzar la correcci\u00f3n del servicio ofrecido. ARMENGOL FREIXES no controla ni responde del uso que estos portales hagan de los datos de los usuarios. Todos y cada uno de los miembros de ARMENGOL FREIXES mantendr\u00e1n la confidencialidad de los datos personales indefinidamente.<\/p>\n<p>ARMENGOL FREIXES gestiona y mantiene estos datos personales como medio para atender las consultas efectuadas, realizar estudios estad\u00edsticos y mantener informado el usuario, ya sea por correo electr\u00f3nico o por cualquier otro medio de comunicaci\u00f3n.[\/vc_column_text][\/vc_column][\/vc_row][vc_row][vc_column]<h2 class=\"vcex-module vcex-heading wpex-text-2xl wpex-font-normal wpex-m-auto wpex-max-w-100 vcex-heading-plain wpex-block wpex-text-left vc_custom_1562227542629\" data-wpex-rcss='{&quot;font-size&quot;:{&quot;d&quot;:&quot;24px&quot;,&quot;tl&quot;:&quot;24px&quot;,&quot;tp&quot;:&quot;24px&quot;,&quot;pl&quot;:&quot;22px&quot;,&quot;pp&quot;:&quot;22px&quot;}}' style=\"color:#333333;font-family:Playfair Display;font-weight:400;\"><span class=\"vcex-heading-inner wpex-inline-block wpex-clr\">Derecho de exclusi\u00f3n<\/span><\/h2>[vc_column_text]ARMENGOL FREIXES se reserva el derecho de denegar o retirar el acceso al portal y\/o a los servicios ofrecidos sin necesidad de previo aviso, a instancia propia o de un tercero, a aquellos usuarios que incumplan las condiciones generales de uso aqu\u00ed recogidas.[\/vc_column_text][\/vc_column][\/vc_row][vc_row][vc_column]<h2 class=\"vcex-module vcex-heading wpex-text-2xl wpex-font-normal wpex-m-auto wpex-max-w-100 vcex-heading-plain wpex-block wpex-text-left vc_custom_1562227555445\" data-wpex-rcss='{&quot;font-size&quot;:{&quot;d&quot;:&quot;24px&quot;,&quot;tl&quot;:&quot;24px&quot;,&quot;tp&quot;:&quot;24px&quot;,&quot;pl&quot;:&quot;22px&quot;,&quot;pp&quot;:&quot;22px&quot;}}' style=\"color:#333333;font-family:Playfair Display;font-weight:400;\"><span class=\"vcex-heading-inner wpex-inline-block wpex-clr\">Aceptaci\u00f3n y consentimiento, generalidades<\/span><\/h2>[vc_column_text]El usuario declara haber sido informado de las condiciones sobre protecci\u00f3n de datos personales, aceptando y consintiendo el tratamiento automatizado de los mismos por parte de ARMENGOL FREIXES, en la forma y para los fines indicados en el presente aviso legal.<\/p>\n<p>ARMENGOL FREIXES perseguir\u00e1 el incumplimiento de las condiciones aqu\u00ed establecidas, as\u00ed como cualquier uso indebido del portal, ejerciendo todas las acciones civiles y penales que correspondan.[\/vc_column_text][\/vc_column][\/vc_row][vc_row css=\u00bb.vc_custom_1561719638417{margin-bottom: 40px !important;}\u00bb][vc_column]<h2 class=\"vcex-module vcex-heading wpex-text-2xl wpex-font-normal wpex-m-auto wpex-max-w-100 vcex-heading-plain wpex-block wpex-text-left vc_custom_1562227562581\" data-wpex-rcss='{&quot;font-size&quot;:{&quot;d&quot;:&quot;24px&quot;,&quot;tl&quot;:&quot;24px&quot;,&quot;tp&quot;:&quot;24px&quot;,&quot;pl&quot;:&quot;22px&quot;,&quot;pp&quot;:&quot;22px&quot;}}' style=\"color:#333333;font-family:Playfair Display;font-weight:400;\"><span class=\"vcex-heading-inner wpex-inline-block wpex-clr\">Legislaci\u00f3n aplicable y jurisdicci\u00f3n<\/span><\/h2>[vc_column_text]La relaci\u00f3n entre ARMENGOL FREIXES y el usuario se regir\u00e1 por la normativa espa\u00f1ola vigente y cualquier controversia se someter\u00e1 a los juzgados y tribunales de la ciudad de Barcelona.[\/vc_column_text][\/vc_column][\/vc_row]\n","protected":false},"excerpt":{"rendered":"<p>[vc_row][vc_column][vc_column_text]Denominaci\u00f3n social: Berta Armengol Freixes Domicilio social: Calle Balmes 129bis, 3r 2a, 08008 de Barcelona NIF: 46149775E Tel\u00e9fono de contacto: 618 91 98 34 Correo electr\u00f3nico: administracio@armengolfreixes.com El prestador, desde ahora ARMENGOL FREIXES, es el responsable del sitio web y&hellip;<\/p>\n","protected":false},"author":1,"featured_media":0,"parent":0,"menu_order":0,"comment_status":"closed","ping_status":"open","template":"","meta":[],"yoast_head":"<!-- This site is optimized with the Yoast SEO plugin v19.14 - https:\/\/yoast.com\/wordpress\/plugins\/seo\/ -->\n<title>Aviso legal | Berta Armengol Freixes<\/title>\n<meta name=\"robots\" content=\"index, follow, max-snippet:-1, max-image-preview:large, max-video-preview:-1\" \/>\n<link rel=\"canonical\" href=\"https:\/\/www.armengolfreixes.com\/es\/aviso-legal\/\" \/>\n<meta property=\"og:locale\" content=\"es_ES\" \/>\n<meta property=\"og:type\" content=\"article\" \/>\n<meta property=\"og:title\" content=\"Aviso legal | Berta Armengol Freixes\" \/>\n<meta property=\"og:description\" content=\"[vc_row][vc_column][vc_column_text]Denominaci\u00f3n social: Berta Armengol Freixes Domicilio social: Calle Balmes 129bis, 3r 2a, 08008 de Barcelona NIF: 46149775E Tel\u00e9fono de contacto: 618 91 98 34 Correo electr\u00f3nico: administracio@armengolfreixes.com El prestador, desde ahora ARMENGOL FREIXES, es el responsable del sitio web y&hellip;\" \/>\n<meta property=\"og:url\" content=\"https:\/\/www.armengolfreixes.com\/es\/aviso-legal\/\" \/>\n<meta property=\"og:site_name\" content=\"Berta Armengol Freixes\" \/>\n<meta property=\"article:modified_time\" content=\"2022-05-16T12:07:25+00:00\" \/>\n<meta name=\"twitter:card\" content=\"summary_large_image\" \/>\n<meta name=\"twitter:label1\" content=\"Tiempo de lectura\" \/>\n\t<meta name=\"twitter:data1\" content=\"7 minutos\" \/>\n<script type=\"application\/ld+json\" class=\"yoast-schema-graph\">{\"@context\":\"https:\/\/schema.org\",\"@graph\":[{\"@type\":\"WebPage\",\"@id\":\"https:\/\/www.armengolfreixes.com\/es\/aviso-legal\/\",\"url\":\"https:\/\/www.armengolfreixes.com\/es\/aviso-legal\/\",\"name\":\"Aviso legal | Berta Armengol Freixes\",\"isPartOf\":{\"@id\":\"https:\/\/www.armengolfreixes.com\/es\/#website\"},\"datePublished\":\"2019-06-03T14:04:14+00:00\",\"dateModified\":\"2022-05-16T12:07:25+00:00\",\"breadcrumb\":{\"@id\":\"https:\/\/www.armengolfreixes.com\/es\/aviso-legal\/#breadcrumb\"},\"inLanguage\":\"es\",\"potentialAction\":[{\"@type\":\"ReadAction\",\"target\":[\"https:\/\/www.armengolfreixes.com\/es\/aviso-legal\/\"]}]},{\"@type\":\"BreadcrumbList\",\"@id\":\"https:\/\/www.armengolfreixes.com\/es\/aviso-legal\/#breadcrumb\",\"itemListElement\":[{\"@type\":\"ListItem\",\"position\":1,\"name\":\"Inici\",\"item\":\"https:\/\/www.armengolfreixes.com\/es\/\"},{\"@type\":\"ListItem\",\"position\":2,\"name\":\"Aviso legal\"}]},{\"@type\":\"WebSite\",\"@id\":\"https:\/\/www.armengolfreixes.com\/es\/#website\",\"url\":\"https:\/\/www.armengolfreixes.com\/es\/\",\"name\":\"Berta Armengol Freixes\",\"description\":\"Abogada penalista\",\"publisher\":{\"@id\":\"https:\/\/www.armengolfreixes.com\/es\/#organization\"},\"potentialAction\":[{\"@type\":\"SearchAction\",\"target\":{\"@type\":\"EntryPoint\",\"urlTemplate\":\"https:\/\/www.armengolfreixes.com\/es\/?s={search_term_string}\"},\"query-input\":\"required name=search_term_string\"}],\"inLanguage\":\"es\"},{\"@type\":\"Organization\",\"@id\":\"https:\/\/www.armengolfreixes.com\/es\/#organization\",\"name\":\"Berta Armengol Freixes - Advocada penalista\",\"url\":\"https:\/\/www.armengolfreixes.com\/es\/\",\"logo\":{\"@type\":\"ImageObject\",\"inLanguage\":\"es\",\"@id\":\"https:\/\/www.armengolfreixes.com\/es\/#\/schema\/logo\/image\/\",\"url\":\"https:\/\/www.armengolfreixes.com\/wp-content\/uploads\/2019\/06\/LOGO_AF_color.png\",\"contentUrl\":\"https:\/\/www.armengolfreixes.com\/wp-content\/uploads\/2019\/06\/LOGO_AF_color.png\",\"width\":500,\"height\":521,\"caption\":\"Berta Armengol Freixes - Advocada penalista\"},\"image\":{\"@id\":\"https:\/\/www.armengolfreixes.com\/es\/#\/schema\/logo\/image\/\"},\"sameAs\":[\"https:\/\/www.linkedin.com\/in\/berta-armengol-freixes\"]}]}<\/script>\n<!-- \/ Yoast SEO plugin. -->","yoast_head_json":{"title":"Aviso legal | Berta Armengol Freixes","robots":{"index":"index","follow":"follow","max-snippet":"max-snippet:-1","max-image-preview":"max-image-preview:large","max-video-preview":"max-video-preview:-1"},"canonical":"https:\/\/www.armengolfreixes.com\/es\/aviso-legal\/","og_locale":"es_ES","og_type":"article","og_title":"Aviso legal | Berta Armengol Freixes","og_description":"[vc_row][vc_column][vc_column_text]Denominaci\u00f3n social: Berta Armengol Freixes Domicilio social: Calle Balmes 129bis, 3r 2a, 08008 de Barcelona NIF: 46149775E Tel\u00e9fono de contacto: 618 91 98 34 Correo electr\u00f3nico: administracio@armengolfreixes.com El prestador, desde ahora ARMENGOL FREIXES, es el responsable del sitio web y&hellip;","og_url":"https:\/\/www.armengolfreixes.com\/es\/aviso-legal\/","og_site_name":"Berta Armengol Freixes","article_modified_time":"2022-05-16T12:07:25+00:00","twitter_card":"summary_large_image","twitter_misc":{"Tiempo de lectura":"7 minutos"},"schema":{"@context":"https:\/\/schema.org","@graph":[{"@type":"WebPage","@id":"https:\/\/www.armengolfreixes.com\/es\/aviso-legal\/","url":"https:\/\/www.armengolfreixes.com\/es\/aviso-legal\/","name":"Aviso legal | Berta Armengol Freixes","isPartOf":{"@id":"https:\/\/www.armengolfreixes.com\/es\/#website"},"datePublished":"2019-06-03T14:04:14+00:00","dateModified":"2022-05-16T12:07:25+00:00","breadcrumb":{"@id":"https:\/\/www.armengolfreixes.com\/es\/aviso-legal\/#breadcrumb"},"inLanguage":"es","potentialAction":[{"@type":"ReadAction","target":["https:\/\/www.armengolfreixes.com\/es\/aviso-legal\/"]}]},{"@type":"BreadcrumbList","@id":"https:\/\/www.armengolfreixes.com\/es\/aviso-legal\/#breadcrumb","itemListElement":[{"@type":"ListItem","position":1,"name":"Inici","item":"https:\/\/www.armengolfreixes.com\/es\/"},{"@type":"ListItem","position":2,"name":"Aviso legal"}]},{"@type":"WebSite","@id":"https:\/\/www.armengolfreixes.com\/es\/#website","url":"https:\/\/www.armengolfreixes.com\/es\/","name":"Berta Armengol Freixes","description":"Abogada penalista","publisher":{"@id":"https:\/\/www.armengolfreixes.com\/es\/#organization"},"potentialAction":[{"@type":"SearchAction","target":{"@type":"EntryPoint","urlTemplate":"https:\/\/www.armengolfreixes.com\/es\/?s={search_term_string}"},"query-input":"required name=search_term_string"}],"inLanguage":"es"},{"@type":"Organization","@id":"https:\/\/www.armengolfreixes.com\/es\/#organization","name":"Berta Armengol Freixes - Advocada penalista","url":"https:\/\/www.armengolfreixes.com\/es\/","logo":{"@type":"ImageObject","inLanguage":"es","@id":"https:\/\/www.armengolfreixes.com\/es\/#\/schema\/logo\/image\/","url":"https:\/\/www.armengolfreixes.com\/wp-content\/uploads\/2019\/06\/LOGO_AF_color.png","contentUrl":"https:\/\/www.armengolfreixes.com\/wp-content\/uploads\/2019\/06\/LOGO_AF_color.png","width":500,"height":521,"caption":"Berta Armengol Freixes - Advocada penalista"},"image":{"@id":"https:\/\/www.armengolfreixes.com\/es\/#\/schema\/logo\/image\/"},"sameAs":["https:\/\/www.linkedin.com\/in\/berta-armengol-freixes"]}]}},"_links":{"self":[{"href":"https:\/\/www.armengolfreixes.com\/es\/wp-json\/wp\/v2\/pages\/1128"}],"collection":[{"href":"https:\/\/www.armengolfreixes.com\/es\/wp-json\/wp\/v2\/pages"}],"about":[{"href":"https:\/\/www.armengolfreixes.com\/es\/wp-json\/wp\/v2\/types\/page"}],"author":[{"embeddable":true,"href":"https:\/\/www.armengolfreixes.com\/es\/wp-json\/wp\/v2\/users\/1"}],"replies":[{"embeddable":true,"href":"https:\/\/www.armengolfreixes.com\/es\/wp-json\/wp\/v2\/comments?post=1128"}],"version-history":[{"count":9,"href":"https:\/\/www.armengolfreixes.com\/es\/wp-json\/wp\/v2\/pages\/1128\/revisions"}],"predecessor-version":[{"id":1688,"href":"https:\/\/www.armengolfreixes.com\/es\/wp-json\/wp\/v2\/pages\/1128\/revisions\/1688"}],"wp:attachment":[{"href":"https:\/\/www.armengolfreixes.com\/es\/wp-json\/wp\/v2\/media?parent=1128"}],"curies":[{"name":"wp","href":"https:\/\/api.w.org\/{rel}","templated":true}]}}