{"id":2057,"date":"2025-03-19T13:31:16","date_gmt":"2025-03-19T11:31:16","guid":{"rendered":"https:\/\/www.armengolfreixes.com\/?page_id=2057"},"modified":"2025-05-16T11:29:26","modified_gmt":"2025-05-16T09:29:26","slug":"despacho-abogados-penalistas","status":"publish","type":"page","link":"https:\/\/www.armengolfreixes.com\/es\/despacho-abogados-penalistas\/","title":{"rendered":"El Despacho"},"content":{"rendered":"[vc_row column_spacing=\u00bb60&#8243;][vc_column][vc_column_text width=\u00bb850&#8243; align=\u00bbcenter\u00bb text_align=\u00bbcenter\u00bb font_family=\u00bbPlayfair Display\u00bb font_size=\u00bbd:24|tl:24|tp:24|pl:22|pp:22&#8243; color=\u00bb#003915&#8243; line_height=\u00bb1.4&#8243;]Despu\u00e9s de a\u00f1os ejerciendo como <strong>abogados penalistas<\/strong> en conocidos despachos de <strong>Barcelona<\/strong>, en 2019\u00a0decidimos emprender un proyecto propio.[\/vc_column_text][\/vc_column][\/vc_row][vc_row full_width=\u00bbstretch_row\u00bb column_spacing=\u00bb60&#8243; css=\u00bb.vc_custom_1741713619848{margin-top: 0px !important;margin-bottom: 100px !important;}\u00bb][vc_column css_animation=\u00bbbottom-to-top\u00bb width=\u00bb1\/2&#8243;][vc_column_text css=\u00bb.vc_custom_1742313066321{margin-top: 0px !important;}\u00bb]Es nuestro primordial inter\u00e9s ofrecer un asesoramiento jur\u00eddico de calidad, trabajando con pasi\u00f3n y siempre al lado del cliente, dedic\u00e1ndole toda la atenci\u00f3n que se merece, consiguiendo que el servicio sea el m\u00e1s cercano posible.<\/p>\n<p>Nuestra trayectoria profesional avala la experiencia en todo tipo de procedimientos penales, tanto si lo son por delitos del llamado derecho penal nuclear, como si lo son por delitos de derecho penal econ\u00f3mico.[\/vc_column_text][\/vc_column][vc_column css_animation=\u00bbbottom-to-top\u00bb width=\u00bb1\/2&#8243;][vc_column_text]Creemos en una abogac\u00eda humana, profesional, rigurosa y honesta. Seg\u00fan nuestro entender, este oficio debe perseguir la excelencia a todos los niveles.<\/p>\n<p>Esto incluye, entre otros objetivos, estar en contacto con el mundo acad\u00e9mico, para exigirnos conocimientos actualizados, as\u00ed como ofrecer un servicio pluriling\u00fce, de modo que el cliente pueda ser atendido en la lengua que le es propia o pr\u00f3xima.[\/vc_column_text][\/vc_column][\/vc_row][vc_row full_width=\u00bbstretch_row\u00bb column_spacing=\u00bb0px\u00bb css=\u00bb.vc_custom_1741713138361{margin-bottom: 0px !important;padding-top: 40px !important;padding-bottom: 80px !important;background-color: #f9f9f9 !important;}\u00bb][vc_column][vc_row_inner rtl_reverse=\u00bbyes\u00bb gap=\u00bb30&#8243; remove_bottom_col_margin=\u00bbtrue\u00bb css=\u00bb.vc_custom_1741715026979{margin-top: -120px !important;padding-top: 0px !important;padding-right: 0px !important;padding-bottom: 0px !important;padding-left: 0px !important;}\u00bb][vc_column_inner width=\u00bb1\/6&#8243; offset=\u00bbvc_col-lg-2 vc_hidden-md vc_hidden-sm vc_hidden-xs\u00bb][\/vc_column_inner][vc_column_inner el_class=\u00bbcontenidor_hover\u00bb width=\u00bb1\/2&#8243; css=\u00bb.vc_custom_1741716301190{margin-bottom: 30px !important;border-top-width: 1px !important;border-right-width: 1px !important;border-bottom-width: 1px !important;border-left-width: 1px !important;padding-top: 5px !important;padding-right: 5px !important;padding-bottom: 5px !important;padding-left: 5px !important;background-color: #ffffff !important;border-left-color: #ededed !important;border-left-style: solid !important;border-right-color: #ededed !important;border-right-style: solid !important;border-top-color: #ededed !important;border-top-style: solid !important;border-bottom-color: #ededed !important;border-bottom-style: solid !important;}\u00bb offset=\u00bbvc_col-lg-4 vc_col-md-6 vc_col-xs-12&#8243;]<figure class=\"vcex-image vcex-module wpex-clr textcenter\"><div class=\"vcex-image-inner wpex-inline-block wpex-relative\"><a href=\"https:\/\/www.armengolfreixes.com\/es\/abogada-penalista-barcelona\/\"><img loading=\"lazy\" class=\"wpex-align-middle\" alt=\"Advocada Penalista De Barcelona Berta Armengol Freixes\" src=\"https:\/\/www.armengolfreixes.com\/wp-content\/uploads\/2025\/03\/Berta-Armengol.jpg\" width=\"767\" height=\"1023\" \/><\/a><\/div><\/figure>[vc_column_text el_class=\u00bbhover_text\u00bb css=\u00bb.vc_custom_1742313102269{margin-bottom: 20px !important;margin-left: 5px !important;padding-top: 15px !important;padding-right: 30px !important;padding-bottom: 15px !important;padding-left: 30px !important;}\u00bb color=\u00bb#ffffff\u00bb]\n<h3>Berta Armengol Freixes<\/h3>\n<p>Abogada penalista[\/vc_column_text][\/vc_column_inner][vc_column_inner el_class=\u00bbcontenidor_hover\u00bb width=\u00bb1\/2&#8243; css=\u00bb.vc_custom_1741716258258{border-top-width: 1px !important;border-right-width: 1px !important;border-bottom-width: 1px !important;border-left-width: 1px !important;padding-top: 5px !important;padding-right: 5px !important;padding-bottom: 5px !important;padding-left: 5px !important;background-color: #ffffff !important;border-left-color: #ededed !important;border-left-style: solid !important;border-right-color: #ededed !important;border-right-style: solid !important;border-top-color: #ededed !important;border-top-style: solid !important;border-bottom-color: #ededed !important;border-bottom-style: solid !important;}\u00bb offset=\u00bbvc_col-lg-4 vc_col-md-6 vc_col-xs-12&#8243;]<figure class=\"vcex-image vcex-module wpex-clr textcenter\"><div class=\"vcex-image-inner wpex-inline-block wpex-relative\"><a href=\"https:\/\/www.armengolfreixes.com\/es\/abogado-penalista-barcelona\/\"><img loading=\"lazy\" class=\"wpex-align-middle\" alt=\"Advocat Penalista De Barcelona David-Xavier Jodar Romero\" src=\"https:\/\/www.armengolfreixes.com\/wp-content\/uploads\/2025\/03\/David-Xavier-1.jpg\" width=\"767\" height=\"1023\" \/><\/a><\/div><\/figure>[vc_column_text el_class=\u00bbhover_text\u00bb css=\u00bb.vc_custom_1742313117201{margin-bottom: 20px !important;margin-left: 5px !important;padding-top: 15px !important;padding-right: 30px !important;padding-bottom: 15px !important;padding-left: 30px !important;}\u00bb color=\u00bb#ffffff\u00bb]\n<h3>David-Xavier Jodar Romero<\/h3>\n<p>Abogado penalista[\/vc_column_text][\/vc_column_inner][vc_column_inner width=\u00bb1\/6&#8243; offset=\u00bbvc_col-lg-2 vc_hidden-md vc_hidden-sm vc_hidden-xs\u00bb][\/vc_column_inner][\/vc_row_inner][\/vc_column][\/vc_row]\n","protected":false},"excerpt":{"rendered":"<p>[vc_row column_spacing=\u00bb60&#8243;][vc_column][vc_column_text width=\u00bb850&#8243; align=\u00bbcenter\u00bb text_align=\u00bbcenter\u00bb font_family=\u00bbPlayfair Display\u00bb font_size=\u00bbd:24|tl:24|tp:24|pl:22|pp:22&#8243; color=\u00bb#003915&#8243; line_height=\u00bb1.4&#8243;]Despu\u00e9s de a\u00f1os ejerciendo como abogados penalistas en conocidos despachos de Barcelona, en 2019\u00a0decidimos emprender un proyecto propio.[\/vc_column_text][\/vc_column][\/vc_row][vc_row full_width=\u00bbstretch_row\u00bb column_spacing=\u00bb60&#8243; css=\u00bb.vc_custom_1741713619848{margin-top: 0px !important;margin-bottom: 100px !important;}\u00bb][vc_column css_animation=\u00bbbottom-to-top\u00bb width=\u00bb1\/2&#8243;][vc_column_text css=\u00bb.vc_custom_1742313066321{margin-top: 0px !important;}\u00bb]Es nuestro&hellip;<\/p>\n","protected":false},"author":1,"featured_media":1997,"parent":0,"menu_order":0,"comment_status":"closed","ping_status":"closed","template":"","meta":[],"yoast_head":"<!-- This site is optimized with the Yoast SEO plugin v19.14 - https:\/\/yoast.com\/wordpress\/plugins\/seo\/ -->\n<title>Despacho de abogados penalistas en Barcelona | Derecho Penal<\/title>\n<meta name=\"description\" content=\"Despacho de abogados penalistas en Barcelona especializados en derecho penal. Trato cercano y compromiso con la mejor defensa penal posible.\" \/>\n<meta name=\"robots\" content=\"index, follow, max-snippet:-1, max-image-preview:large, max-video-preview:-1\" \/>\n<link rel=\"canonical\" href=\"https:\/\/www.armengolfreixes.com\/es\/despacho-abogados-penalistas\/\" \/>\n<meta property=\"og:locale\" content=\"es_ES\" \/>\n<meta property=\"og:type\" content=\"article\" \/>\n<meta property=\"og:title\" content=\"Despacho de abogados penalistas en Barcelona | Derecho Penal\" \/>\n<meta property=\"og:description\" content=\"Despacho de abogados penalistas en Barcelona especializados en derecho penal. Trato cercano y compromiso con la mejor defensa penal posible.\" \/>\n<meta property=\"og:url\" content=\"https:\/\/www.armengolfreixes.com\/es\/despacho-abogados-penalistas\/\" \/>\n<meta property=\"og:site_name\" content=\"Berta Armengol Freixes\" \/>\n<meta property=\"article:modified_time\" content=\"2025-05-16T09:29:26+00:00\" \/>\n<meta name=\"twitter:card\" content=\"summary_large_image\" \/>\n<meta name=\"twitter:label1\" content=\"Tiempo de lectura\" \/>\n\t<meta name=\"twitter:data1\" content=\"2 minutos\" \/>\n<script type=\"application\/ld+json\" class=\"yoast-schema-graph\">{\"@context\":\"https:\/\/schema.org\",\"@graph\":[{\"@type\":\"WebPage\",\"@id\":\"https:\/\/www.armengolfreixes.com\/es\/despacho-abogados-penalistas\/\",\"url\":\"https:\/\/www.armengolfreixes.com\/es\/despacho-abogados-penalistas\/\",\"name\":\"Despacho de abogados penalistas en Barcelona | Derecho Penal\",\"isPartOf\":{\"@id\":\"https:\/\/www.armengolfreixes.com\/es\/#website\"},\"datePublished\":\"2025-03-19T11:31:16+00:00\",\"dateModified\":\"2025-05-16T09:29:26+00:00\",\"description\":\"Despacho de abogados penalistas en Barcelona especializados en derecho penal. Trato cercano y compromiso con la mejor defensa penal posible.\",\"breadcrumb\":{\"@id\":\"https:\/\/www.armengolfreixes.com\/es\/despacho-abogados-penalistas\/#breadcrumb\"},\"inLanguage\":\"es\",\"potentialAction\":[{\"@type\":\"ReadAction\",\"target\":[\"https:\/\/www.armengolfreixes.com\/es\/despacho-abogados-penalistas\/\"]}]},{\"@type\":\"BreadcrumbList\",\"@id\":\"https:\/\/www.armengolfreixes.com\/es\/despacho-abogados-penalistas\/#breadcrumb\",\"itemListElement\":[{\"@type\":\"ListItem\",\"position\":1,\"name\":\"Inici\",\"item\":\"https:\/\/www.armengolfreixes.com\/es\/\"},{\"@type\":\"ListItem\",\"position\":2,\"name\":\"El Despacho\"}]},{\"@type\":\"WebSite\",\"@id\":\"https:\/\/www.armengolfreixes.com\/es\/#website\",\"url\":\"https:\/\/www.armengolfreixes.com\/es\/\",\"name\":\"Berta Armengol Freixes\",\"description\":\"Abogada penalista\",\"publisher\":{\"@id\":\"https:\/\/www.armengolfreixes.com\/es\/#organization\"},\"potentialAction\":[{\"@type\":\"SearchAction\",\"target\":{\"@type\":\"EntryPoint\",\"urlTemplate\":\"https:\/\/www.armengolfreixes.com\/es\/?s={search_term_string}\"},\"query-input\":\"required name=search_term_string\"}],\"inLanguage\":\"es\"},{\"@type\":\"Organization\",\"@id\":\"https:\/\/www.armengolfreixes.com\/es\/#organization\",\"name\":\"Berta Armengol Freixes - Advocada penalista\",\"url\":\"https:\/\/www.armengolfreixes.com\/es\/\",\"logo\":{\"@type\":\"ImageObject\",\"inLanguage\":\"es\",\"@id\":\"https:\/\/www.armengolfreixes.com\/es\/#\/schema\/logo\/image\/\",\"url\":\"https:\/\/www.armengolfreixes.com\/wp-content\/uploads\/2019\/06\/LOGO_AF_color.png\",\"contentUrl\":\"https:\/\/www.armengolfreixes.com\/wp-content\/uploads\/2019\/06\/LOGO_AF_color.png\",\"width\":500,\"height\":521,\"caption\":\"Berta Armengol Freixes - Advocada penalista\"},\"image\":{\"@id\":\"https:\/\/www.armengolfreixes.com\/es\/#\/schema\/logo\/image\/\"},\"sameAs\":[\"https:\/\/www.linkedin.com\/in\/berta-armengol-freixes\"]}]}<\/script>\n<!-- \/ Yoast SEO plugin. -->","yoast_head_json":{"title":"Despacho de abogados penalistas en Barcelona | Derecho Penal","description":"Despacho de abogados penalistas en Barcelona especializados en derecho penal. Trato cercano y compromiso con la mejor defensa penal posible.","robots":{"index":"index","follow":"follow","max-snippet":"max-snippet:-1","max-image-preview":"max-image-preview:large","max-video-preview":"max-video-preview:-1"},"canonical":"https:\/\/www.armengolfreixes.com\/es\/despacho-abogados-penalistas\/","og_locale":"es_ES","og_type":"article","og_title":"Despacho de abogados penalistas en Barcelona | Derecho Penal","og_description":"Despacho de abogados penalistas en Barcelona especializados en derecho penal. Trato cercano y compromiso con la mejor defensa penal posible.","og_url":"https:\/\/www.armengolfreixes.com\/es\/despacho-abogados-penalistas\/","og_site_name":"Berta Armengol Freixes","article_modified_time":"2025-05-16T09:29:26+00:00","twitter_card":"summary_large_image","twitter_misc":{"Tiempo de lectura":"2 minutos"},"schema":{"@context":"https:\/\/schema.org","@graph":[{"@type":"WebPage","@id":"https:\/\/www.armengolfreixes.com\/es\/despacho-abogados-penalistas\/","url":"https:\/\/www.armengolfreixes.com\/es\/despacho-abogados-penalistas\/","name":"Despacho de abogados penalistas en Barcelona | Derecho Penal","isPartOf":{"@id":"https:\/\/www.armengolfreixes.com\/es\/#website"},"datePublished":"2025-03-19T11:31:16+00:00","dateModified":"2025-05-16T09:29:26+00:00","description":"Despacho de abogados penalistas en Barcelona especializados en derecho penal. Trato cercano y compromiso con la mejor defensa penal posible.","breadcrumb":{"@id":"https:\/\/www.armengolfreixes.com\/es\/despacho-abogados-penalistas\/#breadcrumb"},"inLanguage":"es","potentialAction":[{"@type":"ReadAction","target":["https:\/\/www.armengolfreixes.com\/es\/despacho-abogados-penalistas\/"]}]},{"@type":"BreadcrumbList","@id":"https:\/\/www.armengolfreixes.com\/es\/despacho-abogados-penalistas\/#breadcrumb","itemListElement":[{"@type":"ListItem","position":1,"name":"Inici","item":"https:\/\/www.armengolfreixes.com\/es\/"},{"@type":"ListItem","position":2,"name":"El Despacho"}]},{"@type":"WebSite","@id":"https:\/\/www.armengolfreixes.com\/es\/#website","url":"https:\/\/www.armengolfreixes.com\/es\/","name":"Berta Armengol Freixes","description":"Abogada penalista","publisher":{"@id":"https:\/\/www.armengolfreixes.com\/es\/#organization"},"potentialAction":[{"@type":"SearchAction","target":{"@type":"EntryPoint","urlTemplate":"https:\/\/www.armengolfreixes.com\/es\/?s={search_term_string}"},"query-input":"required name=search_term_string"}],"inLanguage":"es"},{"@type":"Organization","@id":"https:\/\/www.armengolfreixes.com\/es\/#organization","name":"Berta Armengol Freixes - Advocada penalista","url":"https:\/\/www.armengolfreixes.com\/es\/","logo":{"@type":"ImageObject","inLanguage":"es","@id":"https:\/\/www.armengolfreixes.com\/es\/#\/schema\/logo\/image\/","url":"https:\/\/www.armengolfreixes.com\/wp-content\/uploads\/2019\/06\/LOGO_AF_color.png","contentUrl":"https:\/\/www.armengolfreixes.com\/wp-content\/uploads\/2019\/06\/LOGO_AF_color.png","width":500,"height":521,"caption":"Berta Armengol Freixes - Advocada penalista"},"image":{"@id":"https:\/\/www.armengolfreixes.com\/es\/#\/schema\/logo\/image\/"},"sameAs":["https:\/\/www.linkedin.com\/in\/berta-armengol-freixes"]}]}},"_links":{"self":[{"href":"https:\/\/www.armengolfreixes.com\/es\/wp-json\/wp\/v2\/pages\/2057"}],"collection":[{"href":"https:\/\/www.armengolfreixes.com\/es\/wp-json\/wp\/v2\/pages"}],"about":[{"href":"https:\/\/www.armengolfreixes.com\/es\/wp-json\/wp\/v2\/types\/page"}],"author":[{"embeddable":true,"href":"https:\/\/www.armengolfreixes.com\/es\/wp-json\/wp\/v2\/users\/1"}],"replies":[{"embeddable":true,"href":"https:\/\/www.armengolfreixes.com\/es\/wp-json\/wp\/v2\/comments?post=2057"}],"version-history":[{"count":7,"href":"https:\/\/www.armengolfreixes.com\/es\/wp-json\/wp\/v2\/pages\/2057\/revisions"}],"predecessor-version":[{"id":2113,"href":"https:\/\/www.armengolfreixes.com\/es\/wp-json\/wp\/v2\/pages\/2057\/revisions\/2113"}],"wp:featuredmedia":[{"embeddable":true,"href":"https:\/\/www.armengolfreixes.com\/es\/wp-json\/wp\/v2\/media\/1997"}],"wp:attachment":[{"href":"https:\/\/www.armengolfreixes.com\/es\/wp-json\/wp\/v2\/media?parent=2057"}],"curies":[{"name":"wp","href":"https:\/\/api.w.org\/{rel}","templated":true}]}}