{"id":2075,"date":"2025-03-19T13:34:04","date_gmt":"2025-03-19T11:34:04","guid":{"rendered":"https:\/\/www.armengolfreixes.com\/?page_id=2075"},"modified":"2025-05-16T11:00:10","modified_gmt":"2025-05-16T09:00:10","slug":"abogado-penalista-barcelona","status":"publish","type":"page","link":"https:\/\/www.armengolfreixes.com\/es\/abogado-penalista-barcelona\/","title":{"rendered":"David-Xavier Jodar Romero"},"content":{"rendered":"[vc_row full_width=\u00bbstretch_row\u00bb column_spacing=\u00bb0px\u00bb css=\u00bb.vc_custom_1741716530396{margin-bottom: 0px !important;padding-bottom: 80px !important;}\u00bb][vc_column][vc_row_inner rtl_reverse=\u00bbyes\u00bb remove_bottom_col_margin=\u00bbtrue\u00bb columns_right=\u00bbyes\u00bb css=\u00bb.vc_custom_1562226874239{padding-top: 0px !important;padding-right: 0px !important;padding-bottom: 0px !important;padding-left: 0px !important;}\u00bb][vc_column_inner width=\u00bb2\/3&#8243;]<h2 class=\"vcex-module vcex-heading wpex-text-2xl wpex-font-normal wpex-m-auto wpex-max-w-100 vcex-heading-plain wpex-block wpex-text-left vc_custom_1741717532376\" data-wpex-rcss='{&quot;font-size&quot;:{&quot;d&quot;:&quot;24px&quot;,&quot;tl&quot;:&quot;24px&quot;,&quot;tp&quot;:&quot;24px&quot;,&quot;pl&quot;:&quot;24px&quot;,&quot;pp&quot;:&quot;24px&quot;}}' style=\"color:#003915;font-family:Playfair Display;font-weight:400;\"><span class=\"vcex-heading-inner wpex-inline-block wpex-clr\">David-Xavier Jodar Romero \u00b7 CV<\/span><\/h2><h3 class=\"vcex-module vcex-heading wpex-text-2xl wpex-font-normal wpex-m-auto wpex-max-w-100 vcex-heading-plain wpex-block wpex-text-left vc_custom_1742314785252\" data-wpex-rcss='{&quot;font-size&quot;:{&quot;d&quot;:&quot;18px&quot;,&quot;tl&quot;:&quot;18px&quot;,&quot;tp&quot;:&quot;18px&quot;,&quot;pl&quot;:&quot;16px&quot;,&quot;pp&quot;:&quot;16px&quot;}}' style=\"color:#003915;font-family:Playfair Display;font-weight:400;\"><span class=\"vcex-heading-inner wpex-inline-block wpex-clr\">Abogado | Matar\u00f3, 1997<\/span><\/h3><div class=\"vcex-module vcex-bullets custom-icon cv\">\n<ul>\n<li><div class=\"vcex-bullets-ci-wrap wpex-inline-flex\"><span class=\"vcex-icon-wrap wpex-mr-10\"><span class=\"vcex-icon entypo-icon entypo-icon-check\" style=\"color:#003915\" aria-hidden=\"true\"><\/span><\/span><div class=\"vcex-content wpex-flex-grow\">Graduado en Derecho por la Universidad de Barcelona (2016-2019).<\/div><\/div><\/li>\n<li><div class=\"vcex-bullets-ci-wrap wpex-inline-flex\"><span class=\"vcex-icon-wrap wpex-mr-10\"><span class=\"vcex-icon entypo-icon entypo-icon-check\" style=\"color:#003915\" aria-hidden=\"true\"><\/span><\/span><div class=\"vcex-content wpex-flex-grow\">M\u00e1ster de acceso a la abogac\u00eda por la Universidad de Barcelona y el Ilustre Colegio de la Abogac\u00eda de Barcelona (2019-2021).<\/div><\/div><\/li>\n<li><div class=\"vcex-bullets-ci-wrap wpex-inline-flex\"><span class=\"vcex-icon-wrap wpex-mr-10\"><span class=\"vcex-icon entypo-icon entypo-icon-check\" style=\"color:#003915\" aria-hidden=\"true\"><\/span><\/span><div class=\"vcex-content wpex-flex-grow\">M\u00e1ster en Derecho Penal y Ciencias Penales por la Universidad de Barcelona y la Universidad Pompeu Fabra (2021-2022).<\/div><\/div><\/li>\n<li><div class=\"vcex-bullets-ci-wrap wpex-inline-flex\"><span class=\"vcex-icon-wrap wpex-mr-10\"><span class=\"vcex-icon entypo-icon entypo-icon-check\" style=\"color:#003915\" aria-hidden=\"true\"><\/span><\/span><div class=\"vcex-content wpex-flex-grow\">Curso de Especializaci\u00f3n Letrada en la Jurisdicci\u00f3n de Menores del Ilustre Colegio de la Abogac\u00eda de Barcelona (2022).<\/div><\/div><\/li>\n<li><div class=\"vcex-bullets-ci-wrap wpex-inline-flex\"><span class=\"vcex-icon-wrap wpex-mr-10\"><span class=\"vcex-icon entypo-icon entypo-icon-check\" style=\"color:#003915\" aria-hidden=\"true\"><\/span><\/span><div class=\"vcex-content wpex-flex-grow\">Curso de Especializaci\u00f3n sobre Violencia Machista del Ilustre Colegio de la Abogac\u00eda de Barcelona (2023).<\/div><\/div><\/li>\n<li><div class=\"vcex-bullets-ci-wrap wpex-inline-flex\"><span class=\"vcex-icon-wrap wpex-mr-10\"><span class=\"vcex-icon entypo-icon entypo-icon-check\" style=\"color:#003915\" aria-hidden=\"true\"><\/span><\/span><div class=\"vcex-content wpex-flex-grow\">Curso del Tribunal del Jurado del Ilustre Colegio de la Abogac\u00eda de Barcelona (2023).<\/div><\/div><\/li>\n<li><div class=\"vcex-bullets-ci-wrap wpex-inline-flex\"><span class=\"vcex-icon-wrap wpex-mr-10\"><span class=\"vcex-icon entypo-icon entypo-icon-check\" style=\"color:#003915\" aria-hidden=\"true\"><\/span><\/span><div class=\"vcex-content wpex-flex-grow\">Curso avanzado en defensa penal y procesal de la persona jur\u00eddica del Ilustre Colegio de la Abogac\u00eda de Barcelona (2024).<\/div><\/div><\/li>\n<\/ul>\n<\/div>[\/vc_column_inner][vc_column_inner width=\u00bb1\/3&#8243; css=\u00bb.vc_custom_1562226818048{margin-bottom: 40px !important;border-top-width: 1px !important;border-right-width: 1px !important;border-bottom-width: 1px !important;border-left-width: 1px !important;padding-top: 5px !important;padding-right: 5px !important;padding-bottom: 5px !important;padding-left: 5px !important;background-color: #ffffff !important;border-left-color: #ededed !important;border-left-style: solid !important;border-right-color: #ededed !important;border-right-style: solid !important;border-top-color: #ededed !important;border-top-style: solid !important;border-bottom-color: #ededed !important;border-bottom-style: solid !important;}\u00bb]<figure class=\"vcex-image vcex-module wpex-clr textcenter\"><div class=\"vcex-image-inner wpex-inline-block wpex-relative\"><img loading=\"lazy\" class=\"wpex-align-middle\" alt=\"Advocat Penalista De Barcelona David-Xavier Jodar Romero\" src=\"https:\/\/www.armengolfreixes.com\/wp-content\/uploads\/2025\/03\/David-Xavier-1.jpg\" width=\"767\" height=\"1023\" \/><\/div><\/figure><div class=\"vcex-module wpex-social-btns vcex-social-btns wpex-flex wpex-flex-wrap wpex-last-mr-0\"><a  href=\"https:\/\/www.linkedin.com\/in\/davidxavierjodar\/\" class=\"wpex-social-btn wpex-social-btn-black-ch wpex-social-bg-hover wpex-mb-5 wpex-mr-5 wpex-flex-grow wpex-w-auto wpex-h-auto wpex-leading-normal wpex-py-5 wpex-px-15 vc_custom_1742484390491 wpex-linkedin\" target=\"_blank\" style=\"height:40px;line-height:40px;\" rel=\"noopener noreferrer\"><span class=\"ticon ticon-linkedin\" aria-hidden=\"true\"><\/span><span class=\"screen-reader-text\">Linkedin<\/span><\/a><\/div>[\/vc_column_inner][\/vc_row_inner][\/vc_column][\/vc_row]\n","protected":false},"excerpt":{"rendered":"<p>[vc_row full_width=\u00bbstretch_row\u00bb column_spacing=\u00bb0px\u00bb css=\u00bb.vc_custom_1741716530396{margin-bottom: 0px !important;padding-bottom: 80px !important;}\u00bb][vc_column][vc_row_inner rtl_reverse=\u00bbyes\u00bb remove_bottom_col_margin=\u00bbtrue\u00bb columns_right=\u00bbyes\u00bb css=\u00bb.vc_custom_1562226874239{padding-top: 0px !important;padding-right: 0px !important;padding-bottom: 0px !important;padding-left: 0px !important;}\u00bb][vc_column_inner width=\u00bb2\/3&#8243;][\/vc_column_inner][vc_column_inner width=\u00bb1\/3&#8243; css=\u00bb.vc_custom_1562226818048{margin-bottom: 40px !important;border-top-width: 1px !important;border-right-width: 1px !important;border-bottom-width: 1px !important;border-left-width: 1px !important;padding-top: 5px !important;padding-right: 5px !important;padding-bottom: 5px !important;padding-left: 5px&hellip;<\/p>\n","protected":false},"author":1,"featured_media":1978,"parent":0,"menu_order":0,"comment_status":"closed","ping_status":"closed","template":"","meta":[],"yoast_head":"<!-- This site is optimized with the Yoast SEO plugin v19.14 - https:\/\/yoast.com\/wordpress\/plugins\/seo\/ -->\n<title>Abogado penalista en Barcelona | David-Xavier Jodar Romero<\/title>\n<meta name=\"description\" content=\"Abogado penalista en Barcelona experto en derecho penal. David-Xavier Jodar Romero ofrece defensa legal en todo tipo de delitos.\" \/>\n<meta name=\"robots\" content=\"index, follow, max-snippet:-1, max-image-preview:large, max-video-preview:-1\" \/>\n<link rel=\"canonical\" href=\"https:\/\/www.armengolfreixes.com\/es\/abogado-penalista-barcelona\/\" \/>\n<meta property=\"og:locale\" content=\"es_ES\" \/>\n<meta property=\"og:type\" content=\"article\" \/>\n<meta property=\"og:title\" content=\"Abogado penalista en Barcelona | David-Xavier Jodar Romero\" \/>\n<meta property=\"og:description\" content=\"Abogado penalista en Barcelona experto en derecho penal. David-Xavier Jodar Romero ofrece defensa legal en todo tipo de delitos.\" \/>\n<meta property=\"og:url\" content=\"https:\/\/www.armengolfreixes.com\/es\/abogado-penalista-barcelona\/\" \/>\n<meta property=\"og:site_name\" content=\"Berta Armengol Freixes\" \/>\n<meta property=\"article:modified_time\" content=\"2025-05-16T09:00:10+00:00\" \/>\n<meta name=\"twitter:card\" content=\"summary_large_image\" \/>\n<meta name=\"twitter:label1\" content=\"Tiempo de lectura\" \/>\n\t<meta name=\"twitter:data1\" content=\"2 minutos\" \/>\n<script type=\"application\/ld+json\" class=\"yoast-schema-graph\">{\"@context\":\"https:\/\/schema.org\",\"@graph\":[{\"@type\":\"WebPage\",\"@id\":\"https:\/\/www.armengolfreixes.com\/es\/abogado-penalista-barcelona\/\",\"url\":\"https:\/\/www.armengolfreixes.com\/es\/abogado-penalista-barcelona\/\",\"name\":\"Abogado penalista en Barcelona | David-Xavier Jodar Romero\",\"isPartOf\":{\"@id\":\"https:\/\/www.armengolfreixes.com\/es\/#website\"},\"datePublished\":\"2025-03-19T11:34:04+00:00\",\"dateModified\":\"2025-05-16T09:00:10+00:00\",\"description\":\"Abogado penalista en Barcelona experto en derecho penal. David-Xavier Jodar Romero ofrece defensa legal en todo tipo de delitos.\",\"breadcrumb\":{\"@id\":\"https:\/\/www.armengolfreixes.com\/es\/abogado-penalista-barcelona\/#breadcrumb\"},\"inLanguage\":\"es\",\"potentialAction\":[{\"@type\":\"ReadAction\",\"target\":[\"https:\/\/www.armengolfreixes.com\/es\/abogado-penalista-barcelona\/\"]}]},{\"@type\":\"BreadcrumbList\",\"@id\":\"https:\/\/www.armengolfreixes.com\/es\/abogado-penalista-barcelona\/#breadcrumb\",\"itemListElement\":[{\"@type\":\"ListItem\",\"position\":1,\"name\":\"Inici\",\"item\":\"https:\/\/www.armengolfreixes.com\/es\/\"},{\"@type\":\"ListItem\",\"position\":2,\"name\":\"David-Xavier Jodar Romero\"}]},{\"@type\":\"WebSite\",\"@id\":\"https:\/\/www.armengolfreixes.com\/es\/#website\",\"url\":\"https:\/\/www.armengolfreixes.com\/es\/\",\"name\":\"Berta Armengol Freixes\",\"description\":\"Abogada penalista\",\"publisher\":{\"@id\":\"https:\/\/www.armengolfreixes.com\/es\/#organization\"},\"potentialAction\":[{\"@type\":\"SearchAction\",\"target\":{\"@type\":\"EntryPoint\",\"urlTemplate\":\"https:\/\/www.armengolfreixes.com\/es\/?s={search_term_string}\"},\"query-input\":\"required name=search_term_string\"}],\"inLanguage\":\"es\"},{\"@type\":\"Organization\",\"@id\":\"https:\/\/www.armengolfreixes.com\/es\/#organization\",\"name\":\"Berta Armengol Freixes - Advocada penalista\",\"url\":\"https:\/\/www.armengolfreixes.com\/es\/\",\"logo\":{\"@type\":\"ImageObject\",\"inLanguage\":\"es\",\"@id\":\"https:\/\/www.armengolfreixes.com\/es\/#\/schema\/logo\/image\/\",\"url\":\"https:\/\/www.armengolfreixes.com\/wp-content\/uploads\/2019\/06\/LOGO_AF_color.png\",\"contentUrl\":\"https:\/\/www.armengolfreixes.com\/wp-content\/uploads\/2019\/06\/LOGO_AF_color.png\",\"width\":500,\"height\":521,\"caption\":\"Berta Armengol Freixes - Advocada penalista\"},\"image\":{\"@id\":\"https:\/\/www.armengolfreixes.com\/es\/#\/schema\/logo\/image\/\"},\"sameAs\":[\"https:\/\/www.linkedin.com\/in\/berta-armengol-freixes\"]}]}<\/script>\n<!-- \/ Yoast SEO plugin. -->","yoast_head_json":{"title":"Abogado penalista en Barcelona | David-Xavier Jodar Romero","description":"Abogado penalista en Barcelona experto en derecho penal. David-Xavier Jodar Romero ofrece defensa legal en todo tipo de delitos.","robots":{"index":"index","follow":"follow","max-snippet":"max-snippet:-1","max-image-preview":"max-image-preview:large","max-video-preview":"max-video-preview:-1"},"canonical":"https:\/\/www.armengolfreixes.com\/es\/abogado-penalista-barcelona\/","og_locale":"es_ES","og_type":"article","og_title":"Abogado penalista en Barcelona | David-Xavier Jodar Romero","og_description":"Abogado penalista en Barcelona experto en derecho penal. David-Xavier Jodar Romero ofrece defensa legal en todo tipo de delitos.","og_url":"https:\/\/www.armengolfreixes.com\/es\/abogado-penalista-barcelona\/","og_site_name":"Berta Armengol Freixes","article_modified_time":"2025-05-16T09:00:10+00:00","twitter_card":"summary_large_image","twitter_misc":{"Tiempo de lectura":"2 minutos"},"schema":{"@context":"https:\/\/schema.org","@graph":[{"@type":"WebPage","@id":"https:\/\/www.armengolfreixes.com\/es\/abogado-penalista-barcelona\/","url":"https:\/\/www.armengolfreixes.com\/es\/abogado-penalista-barcelona\/","name":"Abogado penalista en Barcelona | David-Xavier Jodar Romero","isPartOf":{"@id":"https:\/\/www.armengolfreixes.com\/es\/#website"},"datePublished":"2025-03-19T11:34:04+00:00","dateModified":"2025-05-16T09:00:10+00:00","description":"Abogado penalista en Barcelona experto en derecho penal. David-Xavier Jodar Romero ofrece defensa legal en todo tipo de delitos.","breadcrumb":{"@id":"https:\/\/www.armengolfreixes.com\/es\/abogado-penalista-barcelona\/#breadcrumb"},"inLanguage":"es","potentialAction":[{"@type":"ReadAction","target":["https:\/\/www.armengolfreixes.com\/es\/abogado-penalista-barcelona\/"]}]},{"@type":"BreadcrumbList","@id":"https:\/\/www.armengolfreixes.com\/es\/abogado-penalista-barcelona\/#breadcrumb","itemListElement":[{"@type":"ListItem","position":1,"name":"Inici","item":"https:\/\/www.armengolfreixes.com\/es\/"},{"@type":"ListItem","position":2,"name":"David-Xavier Jodar Romero"}]},{"@type":"WebSite","@id":"https:\/\/www.armengolfreixes.com\/es\/#website","url":"https:\/\/www.armengolfreixes.com\/es\/","name":"Berta Armengol Freixes","description":"Abogada penalista","publisher":{"@id":"https:\/\/www.armengolfreixes.com\/es\/#organization"},"potentialAction":[{"@type":"SearchAction","target":{"@type":"EntryPoint","urlTemplate":"https:\/\/www.armengolfreixes.com\/es\/?s={search_term_string}"},"query-input":"required name=search_term_string"}],"inLanguage":"es"},{"@type":"Organization","@id":"https:\/\/www.armengolfreixes.com\/es\/#organization","name":"Berta Armengol Freixes - Advocada penalista","url":"https:\/\/www.armengolfreixes.com\/es\/","logo":{"@type":"ImageObject","inLanguage":"es","@id":"https:\/\/www.armengolfreixes.com\/es\/#\/schema\/logo\/image\/","url":"https:\/\/www.armengolfreixes.com\/wp-content\/uploads\/2019\/06\/LOGO_AF_color.png","contentUrl":"https:\/\/www.armengolfreixes.com\/wp-content\/uploads\/2019\/06\/LOGO_AF_color.png","width":500,"height":521,"caption":"Berta Armengol Freixes - Advocada penalista"},"image":{"@id":"https:\/\/www.armengolfreixes.com\/es\/#\/schema\/logo\/image\/"},"sameAs":["https:\/\/www.linkedin.com\/in\/berta-armengol-freixes"]}]}},"_links":{"self":[{"href":"https:\/\/www.armengolfreixes.com\/es\/wp-json\/wp\/v2\/pages\/2075"}],"collection":[{"href":"https:\/\/www.armengolfreixes.com\/es\/wp-json\/wp\/v2\/pages"}],"about":[{"href":"https:\/\/www.armengolfreixes.com\/es\/wp-json\/wp\/v2\/types\/page"}],"author":[{"embeddable":true,"href":"https:\/\/www.armengolfreixes.com\/es\/wp-json\/wp\/v2\/users\/1"}],"replies":[{"embeddable":true,"href":"https:\/\/www.armengolfreixes.com\/es\/wp-json\/wp\/v2\/comments?post=2075"}],"version-history":[{"count":3,"href":"https:\/\/www.armengolfreixes.com\/es\/wp-json\/wp\/v2\/pages\/2075\/revisions"}],"predecessor-version":[{"id":2116,"href":"https:\/\/www.armengolfreixes.com\/es\/wp-json\/wp\/v2\/pages\/2075\/revisions\/2116"}],"wp:featuredmedia":[{"embeddable":true,"href":"https:\/\/www.armengolfreixes.com\/es\/wp-json\/wp\/v2\/media\/1978"}],"wp:attachment":[{"href":"https:\/\/www.armengolfreixes.com\/es\/wp-json\/wp\/v2\/media?parent=2075"}],"curies":[{"name":"wp","href":"https:\/\/api.w.org\/{rel}","templated":true}]}}