{"id":2056,"date":"2025-03-19T13:31:26","date_gmt":"2025-03-19T11:31:26","guid":{"rendered":"https:\/\/www.armengolfreixes.com\/?page_id=2056"},"modified":"2025-03-19T14:29:10","modified_gmt":"2025-03-19T12:29:10","slug":"cabinet-avocats-penalistes","status":"publish","type":"page","link":"https:\/\/www.armengolfreixes.com\/fr\/cabinet-avocats-penalistes\/","title":{"rendered":"Le Cabinet"},"content":{"rendered":"[vc_row column_spacing=\u00a0\u00bb60&Prime;][vc_column][vc_column_text width=\u00a0\u00bb800&Prime; align=\u00a0\u00bbcenter\u00a0\u00bb text_align=\u00a0\u00bbcenter\u00a0\u00bb font_family=\u00a0\u00bbPlayfair Display\u00a0\u00bb font_size=\u00a0\u00bbd:24|tl:24|tp:24|pl:22|pp:22&Prime; color=\u00a0\u00bb#003915&Prime; line_height=\u00a0\u00bb1.4&Prime;]Depuis des ann\u00e9es d\u2019exercice professionnel comme <strong>avocats p\u00e9nalistes<\/strong> dans des cabinets renomm\u00e9s de <strong>Barcelona<\/strong>, nous avons d\u00e9cid\u00e9 en 2019 de cr\u00e9er un projet personnel de cabinet.[\/vc_column_text][\/vc_column][\/vc_row][vc_row full_width=\u00a0\u00bbstretch_row\u00a0\u00bb column_spacing=\u00a0\u00bb60&Prime; css=\u00a0\u00bb.vc_custom_1741713619848{margin-top: 0px !important;margin-bottom: 100px !important;}\u00a0\u00bb][vc_column css_animation=\u00a0\u00bbbottom-to-top\u00a0\u00bb width=\u00a0\u00bb1\/2&Prime;][vc_column_text css=\u00a0\u00bb.vc_custom_1742313691211{margin-top: 0px !important;}\u00a0\u00bb]C\u2019est notre int\u00e9r\u00eat primordial pouvoir offrir un conseil juridique de qualit\u00e9, en travaillant passionn\u00e9ment et toujours au c\u00f4t\u00e9 du client, en lui d\u00e9diant toute l\u2019attention qui vaut, r\u00e9ussissant que notre service soit le plus prochain possible.<\/p>\n<p>Notre parcours donne son aval \u00e0 l\u2019exp\u00e9rience en tout genre de proc\u00e9dures, soit ceux qui traitent d\u00e9lits ou crimes classiques, comme ceux qui traitent d\u00e9lits ou crimes de droit p\u00e9nal \u00e9conomique.[\/vc_column_text][\/vc_column][vc_column css_animation=\u00a0\u00bbbottom-to-top\u00a0\u00bb width=\u00a0\u00bb1\/2&Prime;][vc_column_text]On croit en un barreau humain, professionnel, rigoureux et honn\u00eate. Un m\u00e9tier que, selon notre avis, doit poursuivre l\u2019excellence \u00e0 tous les niveaux.<\/p>\n<p>C\u2019est pour \u00e7a que, parmi autres buts, on reste en contact avec le monde acad\u00e9mique, pour avoir toujours des connaissances actualis\u00e9es, de m\u00eame qu\u2019offrir un service plurilingue, pour que le client puisse \u00eatre attendu dans sa langue maternelle ou une langue prochaine.[\/vc_column_text][\/vc_column][\/vc_row][vc_row full_width=\u00a0\u00bbstretch_row\u00a0\u00bb column_spacing=\u00a0\u00bb0px\u00a0\u00bb css=\u00a0\u00bb.vc_custom_1741713138361{margin-bottom: 0px !important;padding-top: 40px !important;padding-bottom: 80px !important;background-color: #f9f9f9 !important;}\u00a0\u00bb][vc_column][vc_row_inner rtl_reverse=\u00a0\u00bbyes\u00a0\u00bb gap=\u00a0\u00bb30&Prime; remove_bottom_col_margin=\u00a0\u00bbtrue\u00a0\u00bb css=\u00a0\u00bb.vc_custom_1741715026979{margin-top: -120px !important;padding-top: 0px !important;padding-right: 0px !important;padding-bottom: 0px !important;padding-left: 0px !important;}\u00a0\u00bb][vc_column_inner width=\u00a0\u00bb1\/6&Prime; offset=\u00a0\u00bbvc_col-lg-2 vc_hidden-md vc_hidden-sm vc_hidden-xs\u00a0\u00bb][\/vc_column_inner][vc_column_inner el_class=\u00a0\u00bbcontenidor_hover\u00a0\u00bb width=\u00a0\u00bb1\/2&Prime; css=\u00a0\u00bb.vc_custom_1741716301190{margin-bottom: 30px !important;border-top-width: 1px !important;border-right-width: 1px !important;border-bottom-width: 1px !important;border-left-width: 1px !important;padding-top: 5px !important;padding-right: 5px !important;padding-bottom: 5px !important;padding-left: 5px !important;background-color: #ffffff !important;border-left-color: #ededed !important;border-left-style: solid !important;border-right-color: #ededed !important;border-right-style: solid !important;border-top-color: #ededed !important;border-top-style: solid !important;border-bottom-color: #ededed !important;border-bottom-style: solid !important;}\u00a0\u00bb offset=\u00a0\u00bbvc_col-lg-4 vc_col-md-6 vc_col-xs-12&Prime;]<figure class=\"vcex-image vcex-module wpex-clr textcenter\"><div class=\"vcex-image-inner wpex-inline-block wpex-relative\"><a href=\"https:\/\/www.armengolfreixes.com\/fr\/avocat-penaliste-barcelone\/\" title=\"Berta Armengol Freixes\"><img loading=\"lazy\" class=\"wpex-align-middle\" alt=\"Advocada Penalista De Barcelona Berta Armengol Freixes\" src=\"https:\/\/www.armengolfreixes.com\/wp-content\/uploads\/2025\/03\/Berta-Armengol.jpg\" width=\"767\" height=\"1023\" \/><\/a><\/div><\/figure>[vc_column_text el_class=\u00a0\u00bbhover_text\u00a0\u00bb css=\u00a0\u00bb.vc_custom_1742313751571{margin-bottom: 20px !important;margin-left: 5px !important;padding-top: 15px !important;padding-right: 30px !important;padding-bottom: 15px !important;padding-left: 30px !important;}\u00a0\u00bb color=\u00a0\u00bb#ffffff\u00a0\u00bb]\n<h3>Berta Armengol Freixes<\/h3>\n<p>Avocat p\u00e9naliste[\/vc_column_text][\/vc_column_inner][vc_column_inner el_class=\u00a0\u00bbcontenidor_hover\u00a0\u00bb width=\u00a0\u00bb1\/2&Prime; css=\u00a0\u00bb.vc_custom_1741716258258{border-top-width: 1px !important;border-right-width: 1px !important;border-bottom-width: 1px !important;border-left-width: 1px !important;padding-top: 5px !important;padding-right: 5px !important;padding-bottom: 5px !important;padding-left: 5px !important;background-color: #ffffff !important;border-left-color: #ededed !important;border-left-style: solid !important;border-right-color: #ededed !important;border-right-style: solid !important;border-top-color: #ededed !important;border-top-style: solid !important;border-bottom-color: #ededed !important;border-bottom-style: solid !important;}\u00a0\u00bb offset=\u00a0\u00bbvc_col-lg-4 vc_col-md-6 vc_col-xs-12&Prime;]<figure class=\"vcex-image vcex-module wpex-clr textcenter\"><div class=\"vcex-image-inner wpex-inline-block wpex-relative\"><a href=\"https:\/\/www.armengolfreixes.com\/fr\/avocate-penaliste-barcelone\/\" title=\"David-Xavier Jodar Romero\"><img loading=\"lazy\" class=\"wpex-align-middle\" alt=\"Advocat Penalista De Barcelona David-Xavier Jodar Romero\" src=\"https:\/\/www.armengolfreixes.com\/wp-content\/uploads\/2025\/03\/David-Xavier-1.jpg\" width=\"767\" height=\"1023\" \/><\/a><\/div><\/figure>[vc_column_text el_class=\u00a0\u00bbhover_text\u00a0\u00bb css=\u00a0\u00bb.vc_custom_1742313762097{margin-bottom: 20px !important;margin-left: 5px !important;padding-top: 15px !important;padding-right: 30px !important;padding-bottom: 15px !important;padding-left: 30px !important;}\u00a0\u00bb color=\u00a0\u00bb#ffffff\u00a0\u00bb]\n<h3>David-Xavier Jodar Romero<\/h3>\n<p>Avocat p\u00e9naliste[\/vc_column_text][\/vc_column_inner][vc_column_inner width=\u00a0\u00bb1\/6&Prime; offset=\u00a0\u00bbvc_col-lg-2 vc_hidden-md vc_hidden-sm vc_hidden-xs\u00a0\u00bb][\/vc_column_inner][\/vc_row_inner][\/vc_column][\/vc_row]\n","protected":false},"excerpt":{"rendered":"<p>[vc_row column_spacing=\u00a0\u00bb60&Prime;][vc_column][vc_column_text width=\u00a0\u00bb800&Prime; align=\u00a0\u00bbcenter\u00a0\u00bb text_align=\u00a0\u00bbcenter\u00a0\u00bb font_family=\u00a0\u00bbPlayfair Display\u00a0\u00bb font_size=\u00a0\u00bbd:24|tl:24|tp:24|pl:22|pp:22&Prime; color=\u00a0\u00bb#003915&Prime; line_height=\u00a0\u00bb1.4&Prime;]Depuis des ann\u00e9es d\u2019exercice professionnel comme avocats p\u00e9nalistes dans des cabinets renomm\u00e9s de Barcelona, nous avons d\u00e9cid\u00e9 en 2019 de cr\u00e9er un projet personnel de cabinet.[\/vc_column_text][\/vc_column][\/vc_row][vc_row full_width=\u00a0\u00bbstretch_row\u00a0\u00bb column_spacing=\u00a0\u00bb60&Prime; css=\u00a0\u00bb.vc_custom_1741713619848{margin-top: 0px !important;margin-bottom:&hellip;<\/p>\n","protected":false},"author":1,"featured_media":1996,"parent":0,"menu_order":0,"comment_status":"closed","ping_status":"closed","template":"","meta":[],"yoast_head":"<!-- This site is optimized with the Yoast SEO plugin v19.14 - https:\/\/yoast.com\/wordpress\/plugins\/seo\/ -->\n<title>Cabinet d&#039;avocats p\u00e9nalistes de Barcelone, experts en droit p\u00e9nal<\/title>\n<meta name=\"description\" content=\"Cabinet d&#039;avocats p\u00e9nalistes \u00e0 Barcelone. Notre parcours donne son aval \u00e0 l\u2019exp\u00e9rience en tout genre de proc\u00e9dures.\" \/>\n<meta name=\"robots\" content=\"index, follow, max-snippet:-1, max-image-preview:large, max-video-preview:-1\" \/>\n<link rel=\"canonical\" href=\"https:\/\/www.armengolfreixes.com\/fr\/cabinet-avocats-penalistes\/\" \/>\n<meta property=\"og:locale\" content=\"fr_FR\" \/>\n<meta property=\"og:type\" content=\"article\" \/>\n<meta property=\"og:title\" content=\"Cabinet d&#039;avocats p\u00e9nalistes de Barcelone, experts en droit p\u00e9nal\" \/>\n<meta property=\"og:description\" content=\"Cabinet d&#039;avocats p\u00e9nalistes \u00e0 Barcelone. Notre parcours donne son aval \u00e0 l\u2019exp\u00e9rience en tout genre de proc\u00e9dures.\" \/>\n<meta property=\"og:url\" content=\"https:\/\/www.armengolfreixes.com\/fr\/cabinet-avocats-penalistes\/\" \/>\n<meta property=\"og:site_name\" content=\"Berta Armengol Freixes\" \/>\n<meta property=\"article:modified_time\" content=\"2025-03-19T12:29:10+00:00\" \/>\n<meta name=\"twitter:card\" content=\"summary_large_image\" \/>\n<meta name=\"twitter:label1\" content=\"Dur\u00e9e de lecture estim\u00e9e\" \/>\n\t<meta name=\"twitter:data1\" content=\"2 minutes\" \/>\n<script type=\"application\/ld+json\" class=\"yoast-schema-graph\">{\"@context\":\"https:\/\/schema.org\",\"@graph\":[{\"@type\":\"WebPage\",\"@id\":\"https:\/\/www.armengolfreixes.com\/fr\/cabinet-avocats-penalistes\/\",\"url\":\"https:\/\/www.armengolfreixes.com\/fr\/cabinet-avocats-penalistes\/\",\"name\":\"Cabinet d'avocats p\u00e9nalistes de Barcelone, experts en droit p\u00e9nal\",\"isPartOf\":{\"@id\":\"https:\/\/www.armengolfreixes.com\/fr\/#website\"},\"datePublished\":\"2025-03-19T11:31:26+00:00\",\"dateModified\":\"2025-03-19T12:29:10+00:00\",\"description\":\"Cabinet d'avocats p\u00e9nalistes \u00e0 Barcelone. Notre parcours donne son aval \u00e0 l\u2019exp\u00e9rience en tout genre de proc\u00e9dures.\",\"breadcrumb\":{\"@id\":\"https:\/\/www.armengolfreixes.com\/fr\/cabinet-avocats-penalistes\/#breadcrumb\"},\"inLanguage\":\"fr-FR\",\"potentialAction\":[{\"@type\":\"ReadAction\",\"target\":[\"https:\/\/www.armengolfreixes.com\/fr\/cabinet-avocats-penalistes\/\"]}]},{\"@type\":\"BreadcrumbList\",\"@id\":\"https:\/\/www.armengolfreixes.com\/fr\/cabinet-avocats-penalistes\/#breadcrumb\",\"itemListElement\":[{\"@type\":\"ListItem\",\"position\":1,\"name\":\"Inici\",\"item\":\"https:\/\/www.armengolfreixes.com\/fr\/\"},{\"@type\":\"ListItem\",\"position\":2,\"name\":\"Le Cabinet\"}]},{\"@type\":\"WebSite\",\"@id\":\"https:\/\/www.armengolfreixes.com\/fr\/#website\",\"url\":\"https:\/\/www.armengolfreixes.com\/fr\/\",\"name\":\"Berta Armengol Freixes\",\"description\":\"Avocate p\u00e9naliste\",\"publisher\":{\"@id\":\"https:\/\/www.armengolfreixes.com\/fr\/#organization\"},\"potentialAction\":[{\"@type\":\"SearchAction\",\"target\":{\"@type\":\"EntryPoint\",\"urlTemplate\":\"https:\/\/www.armengolfreixes.com\/fr\/?s={search_term_string}\"},\"query-input\":\"required name=search_term_string\"}],\"inLanguage\":\"fr-FR\"},{\"@type\":\"Organization\",\"@id\":\"https:\/\/www.armengolfreixes.com\/fr\/#organization\",\"name\":\"Berta Armengol Freixes - Advocada penalista\",\"url\":\"https:\/\/www.armengolfreixes.com\/fr\/\",\"logo\":{\"@type\":\"ImageObject\",\"inLanguage\":\"fr-FR\",\"@id\":\"https:\/\/www.armengolfreixes.com\/fr\/#\/schema\/logo\/image\/\",\"url\":\"https:\/\/www.armengolfreixes.com\/wp-content\/uploads\/2019\/06\/LOGO_AF_color.png\",\"contentUrl\":\"https:\/\/www.armengolfreixes.com\/wp-content\/uploads\/2019\/06\/LOGO_AF_color.png\",\"width\":500,\"height\":521,\"caption\":\"Berta Armengol Freixes - Advocada penalista\"},\"image\":{\"@id\":\"https:\/\/www.armengolfreixes.com\/fr\/#\/schema\/logo\/image\/\"},\"sameAs\":[\"https:\/\/www.linkedin.com\/in\/berta-armengol-freixes\"]}]}<\/script>\n<!-- \/ Yoast SEO plugin. -->","yoast_head_json":{"title":"Cabinet d'avocats p\u00e9nalistes de Barcelone, experts en droit p\u00e9nal","description":"Cabinet d'avocats p\u00e9nalistes \u00e0 Barcelone. Notre parcours donne son aval \u00e0 l\u2019exp\u00e9rience en tout genre de proc\u00e9dures.","robots":{"index":"index","follow":"follow","max-snippet":"max-snippet:-1","max-image-preview":"max-image-preview:large","max-video-preview":"max-video-preview:-1"},"canonical":"https:\/\/www.armengolfreixes.com\/fr\/cabinet-avocats-penalistes\/","og_locale":"fr_FR","og_type":"article","og_title":"Cabinet d'avocats p\u00e9nalistes de Barcelone, experts en droit p\u00e9nal","og_description":"Cabinet d'avocats p\u00e9nalistes \u00e0 Barcelone. Notre parcours donne son aval \u00e0 l\u2019exp\u00e9rience en tout genre de proc\u00e9dures.","og_url":"https:\/\/www.armengolfreixes.com\/fr\/cabinet-avocats-penalistes\/","og_site_name":"Berta Armengol Freixes","article_modified_time":"2025-03-19T12:29:10+00:00","twitter_card":"summary_large_image","twitter_misc":{"Dur\u00e9e de lecture estim\u00e9e":"2 minutes"},"schema":{"@context":"https:\/\/schema.org","@graph":[{"@type":"WebPage","@id":"https:\/\/www.armengolfreixes.com\/fr\/cabinet-avocats-penalistes\/","url":"https:\/\/www.armengolfreixes.com\/fr\/cabinet-avocats-penalistes\/","name":"Cabinet d'avocats p\u00e9nalistes de Barcelone, experts en droit p\u00e9nal","isPartOf":{"@id":"https:\/\/www.armengolfreixes.com\/fr\/#website"},"datePublished":"2025-03-19T11:31:26+00:00","dateModified":"2025-03-19T12:29:10+00:00","description":"Cabinet d'avocats p\u00e9nalistes \u00e0 Barcelone. Notre parcours donne son aval \u00e0 l\u2019exp\u00e9rience en tout genre de proc\u00e9dures.","breadcrumb":{"@id":"https:\/\/www.armengolfreixes.com\/fr\/cabinet-avocats-penalistes\/#breadcrumb"},"inLanguage":"fr-FR","potentialAction":[{"@type":"ReadAction","target":["https:\/\/www.armengolfreixes.com\/fr\/cabinet-avocats-penalistes\/"]}]},{"@type":"BreadcrumbList","@id":"https:\/\/www.armengolfreixes.com\/fr\/cabinet-avocats-penalistes\/#breadcrumb","itemListElement":[{"@type":"ListItem","position":1,"name":"Inici","item":"https:\/\/www.armengolfreixes.com\/fr\/"},{"@type":"ListItem","position":2,"name":"Le Cabinet"}]},{"@type":"WebSite","@id":"https:\/\/www.armengolfreixes.com\/fr\/#website","url":"https:\/\/www.armengolfreixes.com\/fr\/","name":"Berta Armengol Freixes","description":"Avocate p\u00e9naliste","publisher":{"@id":"https:\/\/www.armengolfreixes.com\/fr\/#organization"},"potentialAction":[{"@type":"SearchAction","target":{"@type":"EntryPoint","urlTemplate":"https:\/\/www.armengolfreixes.com\/fr\/?s={search_term_string}"},"query-input":"required name=search_term_string"}],"inLanguage":"fr-FR"},{"@type":"Organization","@id":"https:\/\/www.armengolfreixes.com\/fr\/#organization","name":"Berta Armengol Freixes - Advocada penalista","url":"https:\/\/www.armengolfreixes.com\/fr\/","logo":{"@type":"ImageObject","inLanguage":"fr-FR","@id":"https:\/\/www.armengolfreixes.com\/fr\/#\/schema\/logo\/image\/","url":"https:\/\/www.armengolfreixes.com\/wp-content\/uploads\/2019\/06\/LOGO_AF_color.png","contentUrl":"https:\/\/www.armengolfreixes.com\/wp-content\/uploads\/2019\/06\/LOGO_AF_color.png","width":500,"height":521,"caption":"Berta Armengol Freixes - Advocada penalista"},"image":{"@id":"https:\/\/www.armengolfreixes.com\/fr\/#\/schema\/logo\/image\/"},"sameAs":["https:\/\/www.linkedin.com\/in\/berta-armengol-freixes"]}]}},"_links":{"self":[{"href":"https:\/\/www.armengolfreixes.com\/fr\/wp-json\/wp\/v2\/pages\/2056"}],"collection":[{"href":"https:\/\/www.armengolfreixes.com\/fr\/wp-json\/wp\/v2\/pages"}],"about":[{"href":"https:\/\/www.armengolfreixes.com\/fr\/wp-json\/wp\/v2\/types\/page"}],"author":[{"embeddable":true,"href":"https:\/\/www.armengolfreixes.com\/fr\/wp-json\/wp\/v2\/users\/1"}],"replies":[{"embeddable":true,"href":"https:\/\/www.armengolfreixes.com\/fr\/wp-json\/wp\/v2\/comments?post=2056"}],"version-history":[{"count":4,"href":"https:\/\/www.armengolfreixes.com\/fr\/wp-json\/wp\/v2\/pages\/2056\/revisions"}],"predecessor-version":[{"id":2110,"href":"https:\/\/www.armengolfreixes.com\/fr\/wp-json\/wp\/v2\/pages\/2056\/revisions\/2110"}],"wp:featuredmedia":[{"embeddable":true,"href":"https:\/\/www.armengolfreixes.com\/fr\/wp-json\/wp\/v2\/media\/1996"}],"wp:attachment":[{"href":"https:\/\/www.armengolfreixes.com\/fr\/wp-json\/wp\/v2\/media?parent=2056"}],"curies":[{"name":"wp","href":"https:\/\/api.w.org\/{rel}","templated":true}]}}