{"id":2066,"date":"2025-03-19T13:29:26","date_gmt":"2025-03-19T11:29:26","guid":{"rendered":"https:\/\/www.armengolfreixes.com\/?page_id=2066"},"modified":"2025-09-25T17:41:47","modified_gmt":"2025-09-25T15:41:47","slug":"avocat-penaliste-barcelone","status":"publish","type":"page","link":"https:\/\/www.armengolfreixes.com\/fr\/avocat-penaliste-barcelone\/","title":{"rendered":"Berta Armengol Freixes"},"content":{"rendered":"[vc_row full_width=\u00a0\u00bbstretch_row\u00a0\u00bb column_spacing=\u00a0\u00bb0px\u00a0\u00bb css=\u00a0\u00bb.vc_custom_1741716530396{margin-bottom: 0px !important;padding-bottom: 80px !important;}\u00a0\u00bb][vc_column][vc_row_inner rtl_reverse=\u00a0\u00bbyes\u00a0\u00bb remove_bottom_col_margin=\u00a0\u00bbtrue\u00a0\u00bb columns_right=\u00a0\u00bbyes\u00a0\u00bb css=\u00a0\u00bb.vc_custom_1562226874239{padding-top: 0px !important;padding-right: 0px !important;padding-bottom: 0px !important;padding-left: 0px !important;}\u00a0\u00bb][vc_column_inner width=\u00a0\u00bb2\/3&Prime;]<h2 class=\"vcex-module vcex-heading wpex-text-2xl wpex-font-normal wpex-m-auto wpex-max-w-100 vcex-heading-plain wpex-block wpex-text-left vc_custom_1741717323825\" data-wpex-rcss='{&quot;font-size&quot;:{&quot;d&quot;:&quot;24px&quot;,&quot;tl&quot;:&quot;24px&quot;,&quot;tp&quot;:&quot;24px&quot;,&quot;pl&quot;:&quot;24px&quot;,&quot;pp&quot;:&quot;24px&quot;}}' style=\"color:#003915;font-family:Playfair Display;font-weight:400;\"><span class=\"vcex-heading-inner wpex-inline-block wpex-clr\">Berta Armengol Freixes \u00b7 CV<\/span><\/h2><h3 class=\"vcex-module vcex-heading wpex-text-2xl wpex-font-normal wpex-m-auto wpex-max-w-100 vcex-heading-plain wpex-block wpex-text-left vc_custom_1742314367986\" data-wpex-rcss='{&quot;font-size&quot;:{&quot;d&quot;:&quot;18px&quot;,&quot;tl&quot;:&quot;18px&quot;,&quot;tp&quot;:&quot;18px&quot;,&quot;pl&quot;:&quot;16px&quot;,&quot;pp&quot;:&quot;16px&quot;}}' style=\"color:#003915;font-family:Playfair Display;font-weight:400;\"><span class=\"vcex-heading-inner wpex-inline-block wpex-clr\">Avocat p\u00e9naliste \u00b7 Associ\u00e9 fondateur | Barcelone, 1990<\/span><\/h3><div class=\"vcex-module vcex-bullets custom-icon cv\">\n<ul>\n<li><div class=\"vcex-bullets-ci-wrap wpex-inline-flex\"><span class=\"vcex-icon-wrap wpex-mr-10\"><span class=\"vcex-icon entypo-icon entypo-icon-check\" style=\"color:#003915\" aria-hidden=\"true\"><\/span><\/span><div class=\"vcex-content wpex-flex-grow\">Professeure associ\u00e9e au D\u00e9partement de Droit P\u00e9nal et Criminologie de la Universitat de Barcelona depuis 2016.<\/div><\/div><\/li>\n<li><div class=\"vcex-bullets-ci-wrap wpex-inline-flex\"><span class=\"vcex-icon-wrap wpex-mr-10\"><span class=\"vcex-icon entypo-icon entypo-icon-check\" style=\"color:#003915\" aria-hidden=\"true\"><\/span><\/span><div class=\"vcex-content wpex-flex-grow\">Membre de la Section de Droit P\u00e9nal de l\u2019Illustre Barreaux d\u2019Avocats de Barcelone depuis 2023.<\/div><\/div><\/li>\n<li><div class=\"vcex-bullets-ci-wrap wpex-inline-flex\"><span class=\"vcex-icon-wrap wpex-mr-10\"><span class=\"vcex-icon entypo-icon entypo-icon-check\" style=\"color:#003915\" aria-hidden=\"true\"><\/span><\/span><div class=\"vcex-content wpex-flex-grow\">Dipl\u00f4m\u00e9e en Droit \u00e0 la Universitat Pompeu Fabra (2008-2012).<\/div><\/div><\/li>\n<li><div class=\"vcex-bullets-ci-wrap wpex-inline-flex\"><span class=\"vcex-icon-wrap wpex-mr-10\"><span class=\"vcex-icon entypo-icon entypo-icon-check\" style=\"color:#003915\" aria-hidden=\"true\"><\/span><\/span><div class=\"vcex-content wpex-flex-grow\">Master en Droit P\u00e9nal et Sciences P\u00e9nales \u00e0 la Universitat Pompeu Fabra et Universitat de Barcelona (2013-2014).<\/div><\/div><\/li>\n<li><div class=\"vcex-bullets-ci-wrap wpex-inline-flex\"><span class=\"vcex-icon-wrap wpex-mr-10\"><span class=\"vcex-icon entypo-icon entypo-icon-check\" style=\"color:#003915\" aria-hidden=\"true\"><\/span><\/span><div class=\"vcex-content wpex-flex-grow\">Master en \u00c9tudes Juridiques Avanc\u00e9s \u00e0 la Universitat de Barcelona, m\u00e9moire \u00ab Droit \u00e0 l\u2019autod\u00e9termination informatique et nouvelles techniques d\u2019investigation : affaire harc\u00e8lement du Parlement \u00bb, (2014-2016).<\/div><\/div><\/li>\n<li><div class=\"vcex-bullets-ci-wrap wpex-inline-flex\"><span class=\"vcex-icon-wrap wpex-mr-10\"><span class=\"vcex-icon entypo-icon entypo-icon-check\" style=\"color:#003915\" aria-hidden=\"true\"><\/span><\/span><div class=\"vcex-content wpex-flex-grow\">Cours de formation de questions actuelles du Droit P\u00e9nal de la Universidad de Buenos Aires (juillet 2014).<\/div><\/div><\/li>\n<li><div class=\"vcex-bullets-ci-wrap wpex-inline-flex\"><span class=\"vcex-icon-wrap wpex-mr-10\"><span class=\"vcex-icon entypo-icon entypo-icon-check\" style=\"color:#003915\" aria-hidden=\"true\"><\/span><\/span><div class=\"vcex-content wpex-flex-grow\">Cours de formation sp\u00e9cialis\u00e9e de l\u2019illustre Barreau d\u2019avocats de Barcelona de droit proc\u00e9dural p\u00e9nal de d\u00e9lits contre les finances, droit p\u00e9nitentiaire, violence domestique, appels et pourvoi en cassation, le Tribunal Europ\u00e9en de Droits Humains, responsabilit\u00e9 civile \u00e0 la proc\u00e9dure p\u00e9nale, ou jurisprudence du droit au secret des communications (2012-2019).<\/div><\/div><\/li>\n<li><div class=\"vcex-bullets-ci-wrap wpex-inline-flex\"><span class=\"vcex-icon-wrap wpex-mr-10\"><span class=\"vcex-icon entypo-icon entypo-icon-check\" style=\"color:#003915\" aria-hidden=\"true\"><\/span><\/span><div class=\"vcex-content wpex-flex-grow\">Premier prix\u00a0<em>ex aequo\u00a0<\/em>du Prix M\u00e9morial Pedro Mart\u00edn Garc\u00eda, janvier 2018, \u00abEl art\u00edculo 324 LECrim, tras la Ley 41\/2015 de 5 de octubre : confrontaci\u00f3n con los principios b\u00e1sicos del proceso penal\u00bb.<\/div><\/div><\/li>\n<li><div class=\"vcex-bullets-ci-wrap wpex-inline-flex\"><span class=\"vcex-icon-wrap wpex-mr-10\"><span class=\"vcex-icon entypo-icon entypo-icon-check\" style=\"color:#003915\" aria-hidden=\"true\"><\/span><\/span><div class=\"vcex-content wpex-flex-grow\">Publication \u00e0 la Revista Jur\u00eddica de Catalunya, Doctrina n\u00famero 4-2018,\u00a0<em>Una visi\u00f3 cr\u00edtica dels terminis de la instrucci\u00f3 penal a la vista dels drets i principis b\u00e0sics del proc\u00e9s penal.<\/em><\/div><\/div><\/li>\n<li><div class=\"vcex-bullets-ci-wrap wpex-inline-flex\"><span class=\"vcex-icon-wrap wpex-mr-10\"><span class=\"vcex-icon entypo-icon entypo-icon-check\" style=\"color:#003915\" aria-hidden=\"true\"><\/span><\/span><div class=\"vcex-content wpex-flex-grow\">Participation comme conf\u00e9renci\u00e8re au II<sup>\u00e8me<\/sup>\u00a0S\u00e9minaire International de Vieux \u00c9l\u00e8ves du Master en Droit P\u00e9nal et Sciences P\u00e9nales \u00abProc\u00e9dure p\u00e9nal et th\u00e9orie du d\u00e9lit\u00bb, conf\u00e9rence\u00a0<em>Revisi\u00f3 del rol de la v\u00edctima en el proc\u00e9s penal espanyol,\u00a0<\/em>juillet 2016.<\/div><\/div><\/li>\n<li><div class=\"vcex-bullets-ci-wrap wpex-inline-flex\"><span class=\"vcex-icon-wrap wpex-mr-10\"><span class=\"vcex-icon entypo-icon entypo-icon-check\" style=\"color:#003915\" aria-hidden=\"true\"><\/span><\/span><div class=\"vcex-content wpex-flex-grow\">Intervenant en des formations de l\u2019Illustre Barreaux d\u2019Avocats de Barcelone.<\/div><\/div><\/li>\n<\/ul>\n<\/div>[\/vc_column_inner][vc_column_inner width=\u00a0\u00bb1\/3&Prime; css=\u00a0\u00bb.vc_custom_1562226818048{margin-bottom: 40px !important;border-top-width: 1px !important;border-right-width: 1px !important;border-bottom-width: 1px !important;border-left-width: 1px !important;padding-top: 5px !important;padding-right: 5px !important;padding-bottom: 5px !important;padding-left: 5px !important;background-color: #ffffff !important;border-left-color: #ededed !important;border-left-style: solid !important;border-right-color: #ededed !important;border-right-style: solid !important;border-top-color: #ededed !important;border-top-style: solid !important;border-bottom-color: #ededed !important;border-bottom-style: solid !important;}\u00a0\u00bb]<figure class=\"vcex-image vcex-module wpex-clr textcenter\"><div class=\"vcex-image-inner wpex-inline-block wpex-relative\"><img loading=\"lazy\" class=\"wpex-align-middle\" alt=\"Advocada Penalista De Barcelona Berta Armengol Freixes\" src=\"https:\/\/www.armengolfreixes.com\/wp-content\/uploads\/2025\/03\/Berta-Armengol.jpg\" width=\"767\" height=\"1023\" \/><\/div><\/figure><div class=\"vcex-module wpex-social-btns vcex-social-btns wpex-flex wpex-flex-wrap wpex-last-mr-0\"><a  href=\"https:\/\/www.linkedin.com\/in\/berta-armengol-freixes\/\" class=\"wpex-social-btn wpex-social-btn-black-ch wpex-social-bg-hover wpex-mb-5 wpex-mr-5 wpex-flex-grow wpex-w-auto wpex-h-auto wpex-leading-normal wpex-py-5 wpex-px-15 vc_custom_1758814892020 wpex-linkedin\" target=\"_blank\" style=\"height:40px;line-height:40px;\" rel=\"noopener noreferrer\"><span class=\"ticon ticon-linkedin\" aria-hidden=\"true\"><\/span><span class=\"screen-reader-text\">Linkedin<\/span><\/a><\/div>[\/vc_column_inner][\/vc_row_inner][\/vc_column][\/vc_row]\n","protected":false},"excerpt":{"rendered":"<p>[vc_row full_width=\u00a0\u00bbstretch_row\u00a0\u00bb column_spacing=\u00a0\u00bb0px\u00a0\u00bb css=\u00a0\u00bb.vc_custom_1741716530396{margin-bottom: 0px !important;padding-bottom: 80px !important;}\u00a0\u00bb][vc_column][vc_row_inner rtl_reverse=\u00a0\u00bbyes\u00a0\u00bb remove_bottom_col_margin=\u00a0\u00bbtrue\u00a0\u00bb columns_right=\u00a0\u00bbyes\u00a0\u00bb css=\u00a0\u00bb.vc_custom_1562226874239{padding-top: 0px !important;padding-right: 0px !important;padding-bottom: 0px !important;padding-left: 0px !important;}\u00a0\u00bb][vc_column_inner width=\u00a0\u00bb2\/3&Prime;][\/vc_column_inner][vc_column_inner width=\u00a0\u00bb1\/3&Prime; css=\u00a0\u00bb.vc_custom_1562226818048{margin-bottom: 40px !important;border-top-width: 1px !important;border-right-width: 1px !important;border-bottom-width: 1px !important;border-left-width: 1px !important;padding-top: 5px !important;padding-right: 5px !important;padding-bottom: 5px !important;padding-left: 5px&hellip;<\/p>\n","protected":false},"author":1,"featured_media":1996,"parent":0,"menu_order":0,"comment_status":"closed","ping_status":"closed","template":"","meta":[],"yoast_head":"<!-- This site is optimized with the Yoast SEO plugin v19.14 - https:\/\/yoast.com\/wordpress\/plugins\/seo\/ -->\n<title>Avocate p\u00e9naliste de Barcelone | Berta Armengol Freixes<\/title>\n<meta name=\"description\" content=\"Berta Armengol Freixes, avocate p\u00e9naliste de Barcelone experte en droit p\u00e9nal, associ\u00e9e fondatrice du cabinet.\" \/>\n<meta name=\"robots\" content=\"index, follow, max-snippet:-1, max-image-preview:large, max-video-preview:-1\" \/>\n<link rel=\"canonical\" href=\"https:\/\/www.armengolfreixes.com\/fr\/avocat-penaliste-barcelone\/\" \/>\n<meta property=\"og:locale\" content=\"fr_FR\" \/>\n<meta property=\"og:type\" content=\"article\" \/>\n<meta property=\"og:title\" content=\"Avocate p\u00e9naliste de Barcelone | Berta Armengol Freixes\" \/>\n<meta property=\"og:description\" content=\"Berta Armengol Freixes, avocate p\u00e9naliste de Barcelone experte en droit p\u00e9nal, associ\u00e9e fondatrice du cabinet.\" \/>\n<meta property=\"og:url\" content=\"https:\/\/www.armengolfreixes.com\/fr\/avocat-penaliste-barcelone\/\" \/>\n<meta property=\"og:site_name\" content=\"Berta Armengol Freixes\" \/>\n<meta property=\"article:modified_time\" content=\"2025-09-25T15:41:47+00:00\" \/>\n<meta property=\"og:image\" content=\"https:\/\/www.armengolfreixes.com\/wp-content\/uploads\/2025\/03\/Berta-Armengol.jpg\" \/>\n\t<meta property=\"og:image:width\" content=\"767\" \/>\n\t<meta property=\"og:image:height\" content=\"1023\" \/>\n\t<meta property=\"og:image:type\" content=\"image\/jpeg\" \/>\n<meta name=\"twitter:card\" content=\"summary_large_image\" \/>\n<meta name=\"twitter:label1\" content=\"Dur\u00e9e de lecture estim\u00e9e\" \/>\n\t<meta name=\"twitter:data1\" content=\"3 minutes\" \/>\n<script type=\"application\/ld+json\" class=\"yoast-schema-graph\">{\"@context\":\"https:\/\/schema.org\",\"@graph\":[{\"@type\":\"WebPage\",\"@id\":\"https:\/\/www.armengolfreixes.com\/fr\/avocat-penaliste-barcelone\/\",\"url\":\"https:\/\/www.armengolfreixes.com\/fr\/avocat-penaliste-barcelone\/\",\"name\":\"Avocate p\u00e9naliste de Barcelone | Berta Armengol Freixes\",\"isPartOf\":{\"@id\":\"https:\/\/www.armengolfreixes.com\/fr\/#website\"},\"datePublished\":\"2025-03-19T11:29:26+00:00\",\"dateModified\":\"2025-09-25T15:41:47+00:00\",\"description\":\"Berta Armengol Freixes, avocate p\u00e9naliste de Barcelone experte en droit p\u00e9nal, associ\u00e9e fondatrice du cabinet.\",\"breadcrumb\":{\"@id\":\"https:\/\/www.armengolfreixes.com\/fr\/avocat-penaliste-barcelone\/#breadcrumb\"},\"inLanguage\":\"fr-FR\",\"potentialAction\":[{\"@type\":\"ReadAction\",\"target\":[\"https:\/\/www.armengolfreixes.com\/fr\/avocat-penaliste-barcelone\/\"]}]},{\"@type\":\"BreadcrumbList\",\"@id\":\"https:\/\/www.armengolfreixes.com\/fr\/avocat-penaliste-barcelone\/#breadcrumb\",\"itemListElement\":[{\"@type\":\"ListItem\",\"position\":1,\"name\":\"Inici\",\"item\":\"https:\/\/www.armengolfreixes.com\/fr\/\"},{\"@type\":\"ListItem\",\"position\":2,\"name\":\"Berta Armengol Freixes\"}]},{\"@type\":\"WebSite\",\"@id\":\"https:\/\/www.armengolfreixes.com\/fr\/#website\",\"url\":\"https:\/\/www.armengolfreixes.com\/fr\/\",\"name\":\"Berta Armengol Freixes\",\"description\":\"Avocate p\u00e9naliste\",\"publisher\":{\"@id\":\"https:\/\/www.armengolfreixes.com\/fr\/#organization\"},\"potentialAction\":[{\"@type\":\"SearchAction\",\"target\":{\"@type\":\"EntryPoint\",\"urlTemplate\":\"https:\/\/www.armengolfreixes.com\/fr\/?s={search_term_string}\"},\"query-input\":\"required name=search_term_string\"}],\"inLanguage\":\"fr-FR\"},{\"@type\":\"Organization\",\"@id\":\"https:\/\/www.armengolfreixes.com\/fr\/#organization\",\"name\":\"Berta Armengol Freixes - Advocada penalista\",\"url\":\"https:\/\/www.armengolfreixes.com\/fr\/\",\"logo\":{\"@type\":\"ImageObject\",\"inLanguage\":\"fr-FR\",\"@id\":\"https:\/\/www.armengolfreixes.com\/fr\/#\/schema\/logo\/image\/\",\"url\":\"https:\/\/www.armengolfreixes.com\/wp-content\/uploads\/2019\/06\/LOGO_AF_color.png\",\"contentUrl\":\"https:\/\/www.armengolfreixes.com\/wp-content\/uploads\/2019\/06\/LOGO_AF_color.png\",\"width\":500,\"height\":521,\"caption\":\"Berta Armengol Freixes - Advocada penalista\"},\"image\":{\"@id\":\"https:\/\/www.armengolfreixes.com\/fr\/#\/schema\/logo\/image\/\"},\"sameAs\":[\"https:\/\/www.linkedin.com\/in\/berta-armengol-freixes\"]}]}<\/script>\n<!-- \/ Yoast SEO plugin. -->","yoast_head_json":{"title":"Avocate p\u00e9naliste de Barcelone | Berta Armengol Freixes","description":"Berta Armengol Freixes, avocate p\u00e9naliste de Barcelone experte en droit p\u00e9nal, associ\u00e9e fondatrice du cabinet.","robots":{"index":"index","follow":"follow","max-snippet":"max-snippet:-1","max-image-preview":"max-image-preview:large","max-video-preview":"max-video-preview:-1"},"canonical":"https:\/\/www.armengolfreixes.com\/fr\/avocat-penaliste-barcelone\/","og_locale":"fr_FR","og_type":"article","og_title":"Avocate p\u00e9naliste de Barcelone | Berta Armengol Freixes","og_description":"Berta Armengol Freixes, avocate p\u00e9naliste de Barcelone experte en droit p\u00e9nal, associ\u00e9e fondatrice du cabinet.","og_url":"https:\/\/www.armengolfreixes.com\/fr\/avocat-penaliste-barcelone\/","og_site_name":"Berta Armengol Freixes","article_modified_time":"2025-09-25T15:41:47+00:00","og_image":[{"width":767,"height":1023,"url":"https:\/\/www.armengolfreixes.com\/wp-content\/uploads\/2025\/03\/Berta-Armengol.jpg","type":"image\/jpeg"}],"twitter_card":"summary_large_image","twitter_misc":{"Dur\u00e9e de lecture estim\u00e9e":"3 minutes"},"schema":{"@context":"https:\/\/schema.org","@graph":[{"@type":"WebPage","@id":"https:\/\/www.armengolfreixes.com\/fr\/avocat-penaliste-barcelone\/","url":"https:\/\/www.armengolfreixes.com\/fr\/avocat-penaliste-barcelone\/","name":"Avocate p\u00e9naliste de Barcelone | Berta Armengol Freixes","isPartOf":{"@id":"https:\/\/www.armengolfreixes.com\/fr\/#website"},"datePublished":"2025-03-19T11:29:26+00:00","dateModified":"2025-09-25T15:41:47+00:00","description":"Berta Armengol Freixes, avocate p\u00e9naliste de Barcelone experte en droit p\u00e9nal, associ\u00e9e fondatrice du cabinet.","breadcrumb":{"@id":"https:\/\/www.armengolfreixes.com\/fr\/avocat-penaliste-barcelone\/#breadcrumb"},"inLanguage":"fr-FR","potentialAction":[{"@type":"ReadAction","target":["https:\/\/www.armengolfreixes.com\/fr\/avocat-penaliste-barcelone\/"]}]},{"@type":"BreadcrumbList","@id":"https:\/\/www.armengolfreixes.com\/fr\/avocat-penaliste-barcelone\/#breadcrumb","itemListElement":[{"@type":"ListItem","position":1,"name":"Inici","item":"https:\/\/www.armengolfreixes.com\/fr\/"},{"@type":"ListItem","position":2,"name":"Berta Armengol Freixes"}]},{"@type":"WebSite","@id":"https:\/\/www.armengolfreixes.com\/fr\/#website","url":"https:\/\/www.armengolfreixes.com\/fr\/","name":"Berta Armengol Freixes","description":"Avocate p\u00e9naliste","publisher":{"@id":"https:\/\/www.armengolfreixes.com\/fr\/#organization"},"potentialAction":[{"@type":"SearchAction","target":{"@type":"EntryPoint","urlTemplate":"https:\/\/www.armengolfreixes.com\/fr\/?s={search_term_string}"},"query-input":"required name=search_term_string"}],"inLanguage":"fr-FR"},{"@type":"Organization","@id":"https:\/\/www.armengolfreixes.com\/fr\/#organization","name":"Berta Armengol Freixes - Advocada penalista","url":"https:\/\/www.armengolfreixes.com\/fr\/","logo":{"@type":"ImageObject","inLanguage":"fr-FR","@id":"https:\/\/www.armengolfreixes.com\/fr\/#\/schema\/logo\/image\/","url":"https:\/\/www.armengolfreixes.com\/wp-content\/uploads\/2019\/06\/LOGO_AF_color.png","contentUrl":"https:\/\/www.armengolfreixes.com\/wp-content\/uploads\/2019\/06\/LOGO_AF_color.png","width":500,"height":521,"caption":"Berta Armengol Freixes - Advocada penalista"},"image":{"@id":"https:\/\/www.armengolfreixes.com\/fr\/#\/schema\/logo\/image\/"},"sameAs":["https:\/\/www.linkedin.com\/in\/berta-armengol-freixes"]}]}},"_links":{"self":[{"href":"https:\/\/www.armengolfreixes.com\/fr\/wp-json\/wp\/v2\/pages\/2066"}],"collection":[{"href":"https:\/\/www.armengolfreixes.com\/fr\/wp-json\/wp\/v2\/pages"}],"about":[{"href":"https:\/\/www.armengolfreixes.com\/fr\/wp-json\/wp\/v2\/types\/page"}],"author":[{"embeddable":true,"href":"https:\/\/www.armengolfreixes.com\/fr\/wp-json\/wp\/v2\/users\/1"}],"replies":[{"embeddable":true,"href":"https:\/\/www.armengolfreixes.com\/fr\/wp-json\/wp\/v2\/comments?post=2066"}],"version-history":[{"count":4,"href":"https:\/\/www.armengolfreixes.com\/fr\/wp-json\/wp\/v2\/pages\/2066\/revisions"}],"predecessor-version":[{"id":2131,"href":"https:\/\/www.armengolfreixes.com\/fr\/wp-json\/wp\/v2\/pages\/2066\/revisions\/2131"}],"wp:featuredmedia":[{"embeddable":true,"href":"https:\/\/www.armengolfreixes.com\/fr\/wp-json\/wp\/v2\/media\/1996"}],"wp:attachment":[{"href":"https:\/\/www.armengolfreixes.com\/fr\/wp-json\/wp\/v2\/media?parent=2066"}],"curies":[{"name":"wp","href":"https:\/\/api.w.org\/{rel}","templated":true}]}}