{"id":893,"date":"2019-06-11T12:18:23","date_gmt":"2019-06-11T10:18:23","guid":{"rendered":"http:\/\/www.armengolfreixes.com\/arees-de-dedicacio\/"},"modified":"2025-03-19T14:00:03","modified_gmt":"2025-03-19T12:00:03","slug":"competences","status":"publish","type":"page","link":"https:\/\/www.armengolfreixes.com\/fr\/competences\/","title":{"rendered":"Comp\u00e9tences"},"content":{"rendered":"[vc_row column_spacing=\u00a0\u00bb60&Prime;][vc_column]<h2 class=\"vcex-module vcex-heading wpex-text-2xl wpex-font-normal wpex-m-auto wpex-max-w-100 vcex-heading-plain wpex-block wpex-text-center vc_custom_1562227194339\" data-wpex-rcss='{&quot;font-size&quot;:{&quot;d&quot;:&quot;24px&quot;,&quot;tl&quot;:&quot;24px&quot;,&quot;tp&quot;:&quot;24px&quot;,&quot;pl&quot;:&quot;22px&quot;,&quot;pp&quot;:&quot;22px&quot;}}' style=\"color:#003915;font-family:Playfair Display;font-weight:400;\"><span class=\"vcex-heading-inner wpex-inline-block wpex-clr\">Nous avons de l'exp\u00e9rience en tous genre de proc\u00e9dures.<\/span><\/h2>[\/vc_column][\/vc_row][vc_row full_width=\u00a0\u00bbstretch_row\u00a0\u00bb column_spacing=\u00a0\u00bb60&Prime; css=\u00a0\u00bb.vc_custom_1559911749451{margin-top: 0px !important;margin-bottom: 20px !important;}\u00a0\u00bb][vc_column css_animation=\u00a0\u00bbbottom-to-top\u00a0\u00bb width=\u00a0\u00bb1\/2&Prime;]<h3 class=\"vcex-module vcex-heading wpex-text-2xl wpex-font-normal wpex-m-auto wpex-max-w-100 vcex-heading-plain wpex-block wpex-text-left vc_custom_1561715521930\" style=\"color:#003915;font-family:Playfair Display;font-size:20px;font-weight:400;\"><span class=\"vcex-heading-inner wpex-inline-block wpex-clr\">Typologies d\u00e9lictueuses<\/span><\/h3>[vc_column_text css=\u00a0\u00bb.vc_custom_1561715533918{margin-top: 0px !important;}\u00a0\u00bb]Crimes contre la personne, contre la int\u00e9grit\u00e9 morale, contre la libert\u00e9, contra la immunit\u00e9 et libert\u00e9 sexuelles, contre le trafic illicite de personnes, contre la intimit\u00e9, le droit \u00e0 la propre image et \u00e0 la inviolabilit\u00e9 du domicile, contre l\u2019honneur, contre les relations famili\u00e8res, contre le patrimoine et l\u2019ordre socio\u00e9conomique, contre les finances publiques et contre la S\u00e9curit\u00e9 Sociale, contre les droits des travailleurs, contre les droits des citadins \u00e9trangers, contre l\u2019organisation du territoire et l\u2019urbanisme, la protection du patrimoine historique et l\u2019environnement, contre la s\u00e9curit\u00e9 collective, contra la s\u00e9curit\u00e9 routi\u00e8re, contre la sant\u00e9 publique, faux en \u00e9criture, contre l\u2019Administration Publique, contre l\u2019Administration de Justice, contre la Constitution, contre la communit\u00e9 internationale.[\/vc_column_text][\/vc_column][vc_column css_animation=\u00a0\u00bbbottom-to-top\u00a0\u00bb width=\u00a0\u00bb1\/2&Prime;]<figure class=\"vcex-image vcex-module wpex-clr textcenter\"><div class=\"vcex-image-inner wpex-inline-block wpex-relative vc_custom_1742385601197\"><img loading=\"lazy\" class=\"wpex-align-middle\" alt=\"Conseil Juridique\" src=\"https:\/\/www.armengolfreixes.com\/wp-content\/uploads\/2025\/03\/Dedicacio-1-768x400.jpg\" width=\"768\" height=\"400\" \/><\/div><\/figure>[\/vc_column][\/vc_row][vc_row full_width=\u00a0\u00bbstretch_row\u00a0\u00bb content_placement=\u00a0\u00bbmiddle\u00a0\u00bb column_spacing=\u00a0\u00bb60&Prime; columns_right=\u00a0\u00bbyes\u00a0\u00bb css=\u00a0\u00bb.vc_custom_1560437253599{margin-top: 0px !important;margin-bottom: 20px !important;}\u00a0\u00bb][vc_column css_animation=\u00a0\u00bbbottom-to-top\u00a0\u00bb width=\u00a0\u00bb1\/2&Prime;]<h3 class=\"vcex-module vcex-heading wpex-text-2xl wpex-font-normal wpex-m-auto wpex-max-w-100 vcex-heading-plain wpex-block wpex-text-left vc_custom_1561715544409\" style=\"color:#003915;font-family:Playfair Display;font-size:20px;font-weight:400;\"><span class=\"vcex-heading-inner wpex-inline-block wpex-clr\">Phases proc\u00e9durales et conseil juridique<\/span><\/h3>[vc_column_text]Nous offrons l\u2019\u00e9laboration de rapports juridiques, porter plainte, la d\u00e9fense du d\u00e9tenu devant le commissariat ou le tribunal de permanence assur\u00e9e, la d\u00e9fense ou l\u2019accusation en tout genre de proc\u00e9dures p\u00e9nales et devant tout genre de tribunaux nationales, la r\u00e9alisation de jugements, de proc\u00e9dures en phase ex\u00e9cutive et le conseil p\u00e9nitentiaire en cas d\u2019ex\u00e9cution de la peine de prison, ainsi que les proc\u00e9dures d\u2019extradition, l\u2019annulation de casiers judiciaires, la d\u00e9fense des personnes juridiques, et la d\u00e9fense et repr\u00e9sentation devant le Tribunal Europ\u00e9en de Droits Humains.[\/vc_column_text][\/vc_column][vc_column css_animation=\u00a0\u00bbbottom-to-top\u00a0\u00bb width=\u00a0\u00bb1\/2&Prime;]<figure class=\"vcex-image vcex-module wpex-clr textcenter\"><div class=\"vcex-image-inner wpex-inline-block wpex-relative vc_custom_1662373984894\"><img loading=\"lazy\" class=\"wpex-align-middle\" alt=\"Proc\u00e9dures\" src=\"https:\/\/www.armengolfreixes.com\/wp-content\/uploads\/2022\/09\/BertaArmengol-28-768x350.jpg\" width=\"768\" height=\"350\" \/><\/div><\/figure>[\/vc_column][\/vc_row]\n","protected":false},"excerpt":{"rendered":"<p>[vc_row column_spacing=\u00a0\u00bb60&Prime;][vc_column][\/vc_column][\/vc_row][vc_row full_width=\u00a0\u00bbstretch_row\u00a0\u00bb column_spacing=\u00a0\u00bb60&Prime; css=\u00a0\u00bb.vc_custom_1559911749451{margin-top: 0px !important;margin-bottom: 20px !important;}\u00a0\u00bb][vc_column css_animation=\u00a0\u00bbbottom-to-top\u00a0\u00bb width=\u00a0\u00bb1\/2&Prime;][vc_column_text css=\u00a0\u00bb.vc_custom_1561715533918{margin-top: 0px !important;}\u00a0\u00bb]Crimes contre la personne, contre la int\u00e9grit\u00e9 morale, contre la libert\u00e9, contra la immunit\u00e9 et libert\u00e9 sexuelles, contre le trafic illicite de personnes, contre la intimit\u00e9, le&hellip;<\/p>\n","protected":false},"author":1,"featured_media":1766,"parent":0,"menu_order":0,"comment_status":"closed","ping_status":"closed","template":"","meta":[],"yoast_head":"<!-- This site is optimized with the Yoast SEO plugin v19.14 - https:\/\/yoast.com\/wordpress\/plugins\/seo\/ -->\n<title>Conseil juridique. Exp\u00e9rience en proc\u00e9dures p\u00e9nales.<\/title>\n<meta name=\"description\" content=\"Nous offrons un conseil juridique de qualit\u00e9 et intervenons en d\u00e9fense ou en accusation dans les proc\u00e9dures judiciaires devant tout tribunal national.\" \/>\n<meta name=\"robots\" content=\"index, follow, max-snippet:-1, max-image-preview:large, max-video-preview:-1\" \/>\n<link rel=\"canonical\" href=\"https:\/\/www.armengolfreixes.com\/fr\/competences\/\" \/>\n<meta property=\"og:locale\" content=\"fr_FR\" \/>\n<meta property=\"og:type\" content=\"article\" \/>\n<meta property=\"og:title\" content=\"Conseil juridique. Exp\u00e9rience en proc\u00e9dures p\u00e9nales.\" \/>\n<meta property=\"og:description\" content=\"Nous offrons un conseil juridique de qualit\u00e9 et intervenons en d\u00e9fense ou en accusation dans les proc\u00e9dures judiciaires devant tout tribunal national.\" \/>\n<meta property=\"og:url\" content=\"https:\/\/www.armengolfreixes.com\/fr\/competences\/\" \/>\n<meta property=\"og:site_name\" content=\"Berta Armengol Freixes\" \/>\n<meta property=\"article:modified_time\" content=\"2025-03-19T12:00:03+00:00\" \/>\n<meta name=\"twitter:card\" content=\"summary_large_image\" \/>\n<meta name=\"twitter:label1\" content=\"Dur\u00e9e de lecture estim\u00e9e\" \/>\n\t<meta name=\"twitter:data1\" content=\"2 minutes\" \/>\n<script type=\"application\/ld+json\" class=\"yoast-schema-graph\">{\"@context\":\"https:\/\/schema.org\",\"@graph\":[{\"@type\":\"WebPage\",\"@id\":\"https:\/\/www.armengolfreixes.com\/fr\/competences\/\",\"url\":\"https:\/\/www.armengolfreixes.com\/fr\/competences\/\",\"name\":\"Conseil juridique. Exp\u00e9rience en proc\u00e9dures p\u00e9nales.\",\"isPartOf\":{\"@id\":\"https:\/\/www.armengolfreixes.com\/fr\/#website\"},\"datePublished\":\"2019-06-11T10:18:23+00:00\",\"dateModified\":\"2025-03-19T12:00:03+00:00\",\"description\":\"Nous offrons un conseil juridique de qualit\u00e9 et intervenons en d\u00e9fense ou en accusation dans les proc\u00e9dures judiciaires devant tout tribunal national.\",\"breadcrumb\":{\"@id\":\"https:\/\/www.armengolfreixes.com\/fr\/competences\/#breadcrumb\"},\"inLanguage\":\"fr-FR\",\"potentialAction\":[{\"@type\":\"ReadAction\",\"target\":[\"https:\/\/www.armengolfreixes.com\/fr\/competences\/\"]}]},{\"@type\":\"BreadcrumbList\",\"@id\":\"https:\/\/www.armengolfreixes.com\/fr\/competences\/#breadcrumb\",\"itemListElement\":[{\"@type\":\"ListItem\",\"position\":1,\"name\":\"Inici\",\"item\":\"https:\/\/www.armengolfreixes.com\/fr\/\"},{\"@type\":\"ListItem\",\"position\":2,\"name\":\"Comp\u00e9tences\"}]},{\"@type\":\"WebSite\",\"@id\":\"https:\/\/www.armengolfreixes.com\/fr\/#website\",\"url\":\"https:\/\/www.armengolfreixes.com\/fr\/\",\"name\":\"Berta Armengol Freixes\",\"description\":\"Avocate p\u00e9naliste\",\"publisher\":{\"@id\":\"https:\/\/www.armengolfreixes.com\/fr\/#organization\"},\"potentialAction\":[{\"@type\":\"SearchAction\",\"target\":{\"@type\":\"EntryPoint\",\"urlTemplate\":\"https:\/\/www.armengolfreixes.com\/fr\/?s={search_term_string}\"},\"query-input\":\"required name=search_term_string\"}],\"inLanguage\":\"fr-FR\"},{\"@type\":\"Organization\",\"@id\":\"https:\/\/www.armengolfreixes.com\/fr\/#organization\",\"name\":\"Berta Armengol Freixes - Advocada penalista\",\"url\":\"https:\/\/www.armengolfreixes.com\/fr\/\",\"logo\":{\"@type\":\"ImageObject\",\"inLanguage\":\"fr-FR\",\"@id\":\"https:\/\/www.armengolfreixes.com\/fr\/#\/schema\/logo\/image\/\",\"url\":\"https:\/\/www.armengolfreixes.com\/wp-content\/uploads\/2019\/06\/LOGO_AF_color.png\",\"contentUrl\":\"https:\/\/www.armengolfreixes.com\/wp-content\/uploads\/2019\/06\/LOGO_AF_color.png\",\"width\":500,\"height\":521,\"caption\":\"Berta Armengol Freixes - Advocada penalista\"},\"image\":{\"@id\":\"https:\/\/www.armengolfreixes.com\/fr\/#\/schema\/logo\/image\/\"},\"sameAs\":[\"https:\/\/www.linkedin.com\/in\/berta-armengol-freixes\"]}]}<\/script>\n<!-- \/ Yoast SEO plugin. -->","yoast_head_json":{"title":"Conseil juridique. Exp\u00e9rience en proc\u00e9dures p\u00e9nales.","description":"Nous offrons un conseil juridique de qualit\u00e9 et intervenons en d\u00e9fense ou en accusation dans les proc\u00e9dures judiciaires devant tout tribunal national.","robots":{"index":"index","follow":"follow","max-snippet":"max-snippet:-1","max-image-preview":"max-image-preview:large","max-video-preview":"max-video-preview:-1"},"canonical":"https:\/\/www.armengolfreixes.com\/fr\/competences\/","og_locale":"fr_FR","og_type":"article","og_title":"Conseil juridique. Exp\u00e9rience en proc\u00e9dures p\u00e9nales.","og_description":"Nous offrons un conseil juridique de qualit\u00e9 et intervenons en d\u00e9fense ou en accusation dans les proc\u00e9dures judiciaires devant tout tribunal national.","og_url":"https:\/\/www.armengolfreixes.com\/fr\/competences\/","og_site_name":"Berta Armengol Freixes","article_modified_time":"2025-03-19T12:00:03+00:00","twitter_card":"summary_large_image","twitter_misc":{"Dur\u00e9e de lecture estim\u00e9e":"2 minutes"},"schema":{"@context":"https:\/\/schema.org","@graph":[{"@type":"WebPage","@id":"https:\/\/www.armengolfreixes.com\/fr\/competences\/","url":"https:\/\/www.armengolfreixes.com\/fr\/competences\/","name":"Conseil juridique. Exp\u00e9rience en proc\u00e9dures p\u00e9nales.","isPartOf":{"@id":"https:\/\/www.armengolfreixes.com\/fr\/#website"},"datePublished":"2019-06-11T10:18:23+00:00","dateModified":"2025-03-19T12:00:03+00:00","description":"Nous offrons un conseil juridique de qualit\u00e9 et intervenons en d\u00e9fense ou en accusation dans les proc\u00e9dures judiciaires devant tout tribunal national.","breadcrumb":{"@id":"https:\/\/www.armengolfreixes.com\/fr\/competences\/#breadcrumb"},"inLanguage":"fr-FR","potentialAction":[{"@type":"ReadAction","target":["https:\/\/www.armengolfreixes.com\/fr\/competences\/"]}]},{"@type":"BreadcrumbList","@id":"https:\/\/www.armengolfreixes.com\/fr\/competences\/#breadcrumb","itemListElement":[{"@type":"ListItem","position":1,"name":"Inici","item":"https:\/\/www.armengolfreixes.com\/fr\/"},{"@type":"ListItem","position":2,"name":"Comp\u00e9tences"}]},{"@type":"WebSite","@id":"https:\/\/www.armengolfreixes.com\/fr\/#website","url":"https:\/\/www.armengolfreixes.com\/fr\/","name":"Berta Armengol Freixes","description":"Avocate p\u00e9naliste","publisher":{"@id":"https:\/\/www.armengolfreixes.com\/fr\/#organization"},"potentialAction":[{"@type":"SearchAction","target":{"@type":"EntryPoint","urlTemplate":"https:\/\/www.armengolfreixes.com\/fr\/?s={search_term_string}"},"query-input":"required name=search_term_string"}],"inLanguage":"fr-FR"},{"@type":"Organization","@id":"https:\/\/www.armengolfreixes.com\/fr\/#organization","name":"Berta Armengol Freixes - Advocada penalista","url":"https:\/\/www.armengolfreixes.com\/fr\/","logo":{"@type":"ImageObject","inLanguage":"fr-FR","@id":"https:\/\/www.armengolfreixes.com\/fr\/#\/schema\/logo\/image\/","url":"https:\/\/www.armengolfreixes.com\/wp-content\/uploads\/2019\/06\/LOGO_AF_color.png","contentUrl":"https:\/\/www.armengolfreixes.com\/wp-content\/uploads\/2019\/06\/LOGO_AF_color.png","width":500,"height":521,"caption":"Berta Armengol Freixes - Advocada penalista"},"image":{"@id":"https:\/\/www.armengolfreixes.com\/fr\/#\/schema\/logo\/image\/"},"sameAs":["https:\/\/www.linkedin.com\/in\/berta-armengol-freixes"]}]}},"_links":{"self":[{"href":"https:\/\/www.armengolfreixes.com\/fr\/wp-json\/wp\/v2\/pages\/893"}],"collection":[{"href":"https:\/\/www.armengolfreixes.com\/fr\/wp-json\/wp\/v2\/pages"}],"about":[{"href":"https:\/\/www.armengolfreixes.com\/fr\/wp-json\/wp\/v2\/types\/page"}],"author":[{"embeddable":true,"href":"https:\/\/www.armengolfreixes.com\/fr\/wp-json\/wp\/v2\/users\/1"}],"replies":[{"embeddable":true,"href":"https:\/\/www.armengolfreixes.com\/fr\/wp-json\/wp\/v2\/comments?post=893"}],"version-history":[{"count":8,"href":"https:\/\/www.armengolfreixes.com\/fr\/wp-json\/wp\/v2\/pages\/893\/revisions"}],"predecessor-version":[{"id":2100,"href":"https:\/\/www.armengolfreixes.com\/fr\/wp-json\/wp\/v2\/pages\/893\/revisions\/2100"}],"wp:featuredmedia":[{"embeddable":true,"href":"https:\/\/www.armengolfreixes.com\/fr\/wp-json\/wp\/v2\/media\/1766"}],"wp:attachment":[{"href":"https:\/\/www.armengolfreixes.com\/fr\/wp-json\/wp\/v2\/media?parent=893"}],"curies":[{"name":"wp","href":"https:\/\/api.w.org\/{rel}","templated":true}]}}